{"id":1101,"date":"2024-01-23T11:07:05","date_gmt":"2024-01-23T10:07:05","guid":{"rendered":"https:\/\/lescalamb.ovh\/?page_id=1101"},"modified":"2024-02-19T22:03:00","modified_gmt":"2024-02-19T21:03:00","slug":"recettes-echalotes","status":"publish","type":"page","link":"https:\/\/lescalamb.ovh\/index.php\/public\/produits\/recettes\/recettes-echalotes\/","title":{"rendered":"Recettes aux Echalotes"},"content":{"rendered":"\n<h2 class=\"wp-block-heading\">Plats v\u00e9g\u00e9tariens<\/h2>\n\n\n\n<p><sup>VG<\/sup> <a href=\"https:\/\/fr.wikibooks.org\/wiki\/Livre_de_cuisine\/Fondue_de_poireaux_%C3%A0_la_cr%C3%A8me\">Fondue de <strong>Poireaux<\/strong> \u00e0 la cr\u00e8me<\/a> : <br><sup>AMAP<\/sup> Echalotes + Poireaux<br><em>+ Beurre + Fromage blanc + Poivre + Sel<\/em><\/p>\n\n\n\n<p><sup>VG<\/sup> <a href=\"https:\/\/www.quelquesgrammesdegourmandise.com\/legumes-vin-blanc\/\">M\u00e9li-m\u00e9lo de l\u00e9gumes au <strong>Vin blanc<\/strong><\/a> : <br><sup>AMAP<\/sup> Aubergines + Courgettes + Echalotes + Pommes de terre + Vin blanc<br><em>+ Paprika + Poivre + Sel<\/em><\/p>\n\n\n\n<p><sup>VG<\/sup> <a href=\"https:\/\/fr.wikibooks.org\/wiki\/Livre_de_cuisine\/Mogettes_cuisin%C3%A9es\"><strong>Mogettes<\/strong> cuisin\u00e9es<\/a> : <br><sup>AMAP<\/sup> Bouillon (de l\u00e9gumes) + Echalotes + Haricots (coco) + Huile de Noix + Huile d&#8217;Olive + Oignons + Tomates<br><em><em><em>+ Laurier <\/em>+ Noix de muscade + Paprika + <\/em>Poivre + Sel + Thym<\/em><\/p>\n\n\n\n<p><sup>VG<\/sup> <a href=\"https:\/\/www.750g.com\/poelee-de-courgettes-et-carottes-en-julienne-r56061.htm\">Po\u00eal\u00e9e de <strong>Courgettes<\/strong> et <strong>Carottes<\/strong> en julienne<\/a> : <br><sup>AMAP<\/sup>  Ail + Echalotes + Carottes + Courgettes + Huile d&#8217;Olive<br><em>+ Beurre + Poivre + Sel<\/em><\/p>\n\n\n\n<p><sup>VG<\/sup> <a href=\"https:\/\/weekend.levif.be\/culinaire\/recettes\/potiron-aux-marrons-et-aux-echalotes\/\">Potiron aux <strong>Marrons<\/strong> et aux <strong>Echalotes<\/strong><\/a> : <br><sup>AMAP<\/sup> Echalotes + Huile de Tournesol + Marrons + Potiron<br><em>+ Beurre + Gingembre + Noix de Muscade + Poivre + Sel + Thym<\/em><\/p>\n\n\n\n<h2 class=\"wp-block-heading\">Plats avec viande<\/h2>\n\n\n\n<p><a href=\"https:\/\/www.lesfruitsetlegumesfrais.com\/en-cuisine\/recettes\/burger-de-pomme-et-boeuf-a-la-coriandre-fraiche\">Burger de pomme et boeuf \u00e0 la coriandre fra\u00eeche<\/a> : <br><sup>AMAP<\/sup> Boeuf + Citron + Echalote + Fromage blanc (de ch\u00e8vre) + Huile d&#8217;Olive + Pommes<br><em>+ Beurre + Cerfeuil + Coriandre fra\u00eeche et poudre + Estragon + Moutarde + Poivre + Sel<\/em><\/p>\n\n\n\n<p><a href=\"https:\/\/fr.wikibooks.org\/wiki\/Livre_de_cuisine\/Polenta_savoyarde\">Polenta savoyarde<\/a> :<br><sup>AMAP<\/sup> Bouillon de Poule + Echalotes + Semoule de Ma\u00efs<br><em>+ Beaufort + Beurre + Cr\u00e8me liquide + Lait + Lardon<\/em><\/p>\n\n\n\n<h2 class=\"wp-block-heading\">Sauces<\/h2>\n\n\n\n<p><sup>VG<\/sup> <a href=\"https:\/\/fr.wikibooks.org\/wiki\/Livre_de_cuisine\/Beurre_blanc\">Beurre blanc<\/a> : <br><sup>AMAP<\/sup>  Echalotes + Vin blanc + Vinaigre<br><em>+ Beurre + Poivre<\/em><\/p>\n\n\n\n<p><sup>VG<\/sup> <a href=\"https:\/\/fr.wikibooks.org\/wiki\/Livre_de_cuisine\/Sauce_chien\">Sauce Chien<\/a> : <br><sup>AMAP<\/sup>  Ail + Citron + Civette + Echalotes + Huile d&#8217;Olive + Oignons jaunes + Persil + Piment + Vinaigre<br><em>+ Laurier + Poivre + Sel + Thym<\/em><\/p>\n\n\n\n<p><a href=\"https:\/\/fr.wikibooks.org\/wiki\/Livre_de_cuisine\/Sauce_tomate\">Sauce <strong>Tomate<\/strong><\/a> : <br><sup>AMAP<\/sup>  Ail + Echalote + Fond de Volaille + Huile d&#8217;Olive + Tomates<br><em>+ Bouquet garni + Poivre + Sel<\/em><\/p>\n","protected":false},"excerpt":{"rendered":"<p>Plats v\u00e9g\u00e9tariens VG Fondue de Poireaux \u00e0 la cr\u00e8me : AMAP Echalotes + Poireaux+ Beurre + Fromage blanc + Poivre + Sel VG M\u00e9li-m\u00e9lo de l\u00e9gumes au Vin blanc : AMAP Aubergines + Courgettes + Echalotes + Pommes de terre + Vin blanc+ Paprika + Poivre + Sel VG Mogettes cuisin\u00e9es : AMAP Bouillon (de &hellip; <a href=\"https:\/\/lescalamb.ovh\/index.php\/public\/produits\/recettes\/recettes-echalotes\/\" class=\"more-link\">Lire la suite de <span class=\"screen-reader-text\">Recettes aux Echalotes<\/span><\/a><\/p>\n","protected":false},"author":3,"featured_media":0,"parent":258,"menu_order":0,"comment_status":"closed","ping_status":"closed","template":"","meta":{"footnotes":""},"categories":[10],"tags":[9],"class_list":["post-1101","page","type-page","status-publish","hentry","category-recettes-specifiques","tag-recettes"],"_links":{"self":[{"href":"https:\/\/lescalamb.ovh\/index.php\/wp-json\/wp\/v2\/pages\/1101","targetHints":{"allow":["GET"]}}],"collection":[{"href":"https:\/\/lescalamb.ovh\/index.php\/wp-json\/wp\/v2\/pages"}],"about":[{"href":"https:\/\/lescalamb.ovh\/index.php\/wp-json\/wp\/v2\/types\/page"}],"author":[{"embeddable":true,"href":"https:\/\/lescalamb.ovh\/index.php\/wp-json\/wp\/v2\/users\/3"}],"replies":[{"embeddable":true,"href":"https:\/\/lescalamb.ovh\/index.php\/wp-json\/wp\/v2\/comments?post=1101"}],"version-history":[{"count":15,"href":"https:\/\/lescalamb.ovh\/index.php\/wp-json\/wp\/v2\/pages\/1101\/revisions"}],"predecessor-version":[{"id":2264,"href":"https:\/\/lescalamb.ovh\/index.php\/wp-json\/wp\/v2\/pages\/1101\/revisions\/2264"}],"up":[{"embeddable":true,"href":"https:\/\/lescalamb.ovh\/index.php\/wp-json\/wp\/v2\/pages\/258"}],"wp:attachment":[{"href":"https:\/\/lescalamb.ovh\/index.php\/wp-json\/wp\/v2\/media?parent=1101"}],"wp:term":[{"taxonomy":"category","embeddable":true,"href":"https:\/\/lescalamb.ovh\/index.php\/wp-json\/wp\/v2\/categories?post=1101"},{"taxonomy":"post_tag","embeddable":true,"href":"https:\/\/lescalamb.ovh\/index.php\/wp-json\/wp\/v2\/tags?post=1101"}],"curies":[{"name":"wp","href":"https:\/\/api.w.org\/{rel}","templated":true}]}}