{"id":1168,"date":"2024-01-23T16:55:18","date_gmt":"2024-01-23T15:55:18","guid":{"rendered":"https:\/\/lescalamb.ovh\/?page_id=1168"},"modified":"2024-02-18T21:54:36","modified_gmt":"2024-02-18T20:54:36","slug":"recettes-basilic","status":"publish","type":"page","link":"https:\/\/lescalamb.ovh\/index.php\/public\/produits\/recettes\/recettes-basilic\/","title":{"rendered":"Recettes au Basilic"},"content":{"rendered":"\n<h2 class=\"wp-block-heading\">Plats<\/h2>\n\n\n\n<p><sup>VG<\/sup> <a href=\"https:\/\/www.cuisineactuelle.fr\/recettes\/gaufre-au-basilic-343084\">Gaufres au Basilic<\/a> : <br><sup>AMAP<\/sup> Basilic + Farine + Oeufs<br><em>+ Beurre + Lait + Levure chimique<\/em> + Sel<\/p>\n\n\n\n<p><sup>VG<\/sup> <a href=\"https:\/\/fr.wikibooks.org\/wiki\/Livre_de_cuisine\/Gratin_de_courgettes_et_tomates\">Gratin de <strong>Courgettes<\/strong> et <strong>Tomates<\/strong><\/a> : <br><sup>AMAP<\/sup> Ail + Basilic + Courgettes + Tomates<br>+ <em>Emmental<\/em><\/p>\n\n\n\n<p><sup>VG<\/sup> <a href=\"https:\/\/fr.wikibooks.org\/wiki\/Livre_de_cuisine\/P%C3%A2tes_%C3%A0_la_Trapanese\">P\u00e2tes \u00e0 la Trapanese<\/a> : <br><sup>AMAP<\/sup> Ail + Basilic + Huile d&#8217;Olive + Oignons + P\u00e2tes + Tomates<br><em>+ Olives + Poivre + Sel<\/em><\/p>\n\n\n\n<p><sup>VG<\/sup> <a href=\"https:\/\/fr.wikibooks.org\/wiki\/Livre_de_cuisine\/Penne_rigate_%C3%A0_la_grecque\">Penne rigate \u00e0 la grecque<\/a> : <br><sup>AMAP<\/sup>  Ail + Basilic + Fromage de ch\u00e8vre + Huile d&#8217;Olive + P\u00e2tes + Tomates + Vin blanc<br><em>+ Olives noires<\/em><\/p>\n\n\n\n<p><sup>VG<\/sup> <a href=\"https:\/\/fr.wikibooks.org\/wiki\/Livre_de_cuisine\/Salade_de_pommes_et_pois_chiches\">Salade de <strong>Pommes<\/strong> et <strong>Pois chiches<\/strong><\/a> : <br><sup>AMAP<\/sup> Basilic + C\u00e9leri branche + Citron + Huile d&#8217;Olive + Oignons + Pois chiches + Pommes<em><br>+ Ciboulette + Poivre + Sel<\/em><\/p>\n\n\n\n<p><sup>VG<\/sup> <a href=\"https:\/\/fr.wikibooks.org\/wiki\/Livre_de_cuisine\/Soupe_au_pistou\">Soupe au pistou<\/a> : <br><sup>AMAP<\/sup> Ail + Basilic + Courgettes + Haricots coco + Haricots verts + Pommes de terre + Tomates<br><em>+ Fromage sec rouge + <em>Haricots blancs + <\/em>Poivre + Sel<\/em><\/p>\n\n\n\n<p><sup>VG<\/sup> <a href=\"https:\/\/fr.wikibooks.org\/wiki\/Livre_de_cuisine\/Soupe_minestrone\">Soupe Minestrone<\/a> : <br><sup>AMAP<\/sup> Basilic + Bouillon (de l\u00e9gumes) + Carottes + Chou blanc + Haricots coco + Haricots verts + Huile d&#8217;Olive + Oignons + Petits pois + Pommes de terre + Tomates<br><em>+ <em>Poivre<\/em> + Romarin<\/em> + <em>Sel + Thym<\/em><\/p>\n\n\n\n<p><sup>VG<\/sup> <a href=\"https:\/\/fr.wikibooks.org\/wiki\/Livre_de_cuisine\/Spaghettis_au_basilic\">Spaghettis au Basilic<\/a> : <br><sup>AMAP<\/sup> Ail + Basilic + Huile d&#8217;Olive + P\u00e2tes<br><em>+ <em>Poivre<\/em> <\/em>+ <em>Sel<\/em><\/p>\n\n\n\n<p><sup>VG<\/sup> <a href=\"https:\/\/www.marieclaire.fr\/cuisine\/tian-chevre-et-aubergines,1206627.asp\">Tian <strong>Ch\u00e8vre<\/strong> et <strong>Aubergines<\/strong><\/a> : <br><sup>AMAP<\/sup> Ail + Aubergines + Basilic + Fromage de ch\u00e8vre + Huile d\u2019Olive + Oignons rouges + Tomates<br><em>+ Anis + Parmesan + Poivre + Sel<\/em><\/p>\n\n\n\n<p><sup>VG<\/sup> <a href=\"https:\/\/fr.wikibooks.org\/wiki\/Livre_de_cuisine\/Tomates_mozzarella\"><strong>Tomates<\/strong> mozzarella<\/a> : <br><sup>AMAP<\/sup>  Basilic + Huile d&#8217;Olive + Tomates<br><em>+ Mozzarella + Poivre + Sel<\/em><\/p>\n\n\n\n<h2 class=\"wp-block-heading\">Plats avec viande ou poisson<\/h2>\n\n\n\n<p><a href=\"https:\/\/fr.wikibooks.org\/wiki\/Livre_de_cuisine\/Salade_ni%C3%A7oise\">Salade ni\u00e7oise<\/a> : <br><sup>AMAP<\/sup> Ail + Artichauts + Basilic + Concombre + F\u00e8ves + Huile d\u2019Olive + Oeufs + Oignons blancs + Poivrons + Tomates<br><em>+ Anchois + Olives noires + Poivre + Sel<\/em><\/p>\n\n\n\n<h2 class=\"wp-block-heading\">Sauces<\/h2>\n\n\n\n<p><sup>VG<\/sup> <a href=\"https:\/\/fr.wikibooks.org\/wiki\/Livre_de_cuisine\/Pesto\">Pesto<\/a> : <br><sup>AMAP<\/sup> Ail + Basilic + Huile d\u2019Olive<br><em>+ Pignons de pin + Parmesan<\/em><\/p>\n\n\n\n<h2 class=\"wp-block-heading\">Desserts<\/h2>\n\n\n\n<p><sup>VG<\/sup> <a href=\"https:\/\/www.aux-fourneaux.fr\/cake-au-chocolat-basilic-12796\/\">Cake au chocolat basilic<\/a> : <br><sup>AMAP<\/sup> Basilic + Farine + Oeufs<br><em>+ Beurre + Chocolat + Levure chimique + Sucre<\/em><\/p>\n\n\n\n<p><\/p>\n","protected":false},"excerpt":{"rendered":"<p>Plats VG Gaufres au Basilic : AMAP Basilic + Farine + Oeufs+ Beurre + Lait + Levure chimique + Sel VG Gratin de Courgettes et Tomates : AMAP Ail + Basilic + Courgettes + Tomates+ Emmental VG P\u00e2tes \u00e0 la Trapanese : AMAP Ail + Basilic + Huile d&#8217;Olive + Oignons + P\u00e2tes + Tomates+ &hellip; <a href=\"https:\/\/lescalamb.ovh\/index.php\/public\/produits\/recettes\/recettes-basilic\/\" class=\"more-link\">Lire la suite de <span class=\"screen-reader-text\">Recettes au Basilic<\/span><\/a><\/p>\n","protected":false},"author":3,"featured_media":0,"parent":258,"menu_order":0,"comment_status":"closed","ping_status":"closed","template":"","meta":{"footnotes":""},"categories":[10],"tags":[9],"class_list":["post-1168","page","type-page","status-publish","hentry","category-recettes-specifiques","tag-recettes"],"_links":{"self":[{"href":"https:\/\/lescalamb.ovh\/index.php\/wp-json\/wp\/v2\/pages\/1168","targetHints":{"allow":["GET"]}}],"collection":[{"href":"https:\/\/lescalamb.ovh\/index.php\/wp-json\/wp\/v2\/pages"}],"about":[{"href":"https:\/\/lescalamb.ovh\/index.php\/wp-json\/wp\/v2\/types\/page"}],"author":[{"embeddable":true,"href":"https:\/\/lescalamb.ovh\/index.php\/wp-json\/wp\/v2\/users\/3"}],"replies":[{"embeddable":true,"href":"https:\/\/lescalamb.ovh\/index.php\/wp-json\/wp\/v2\/comments?post=1168"}],"version-history":[{"count":17,"href":"https:\/\/lescalamb.ovh\/index.php\/wp-json\/wp\/v2\/pages\/1168\/revisions"}],"predecessor-version":[{"id":2123,"href":"https:\/\/lescalamb.ovh\/index.php\/wp-json\/wp\/v2\/pages\/1168\/revisions\/2123"}],"up":[{"embeddable":true,"href":"https:\/\/lescalamb.ovh\/index.php\/wp-json\/wp\/v2\/pages\/258"}],"wp:attachment":[{"href":"https:\/\/lescalamb.ovh\/index.php\/wp-json\/wp\/v2\/media?parent=1168"}],"wp:term":[{"taxonomy":"category","embeddable":true,"href":"https:\/\/lescalamb.ovh\/index.php\/wp-json\/wp\/v2\/categories?post=1168"},{"taxonomy":"post_tag","embeddable":true,"href":"https:\/\/lescalamb.ovh\/index.php\/wp-json\/wp\/v2\/tags?post=1168"}],"curies":[{"name":"wp","href":"https:\/\/api.w.org\/{rel}","templated":true}]}}