{"id":1308,"date":"2024-01-23T23:03:41","date_gmt":"2024-01-23T22:03:41","guid":{"rendered":"https:\/\/lescalamb.ovh\/?page_id=1308"},"modified":"2024-02-19T21:38:19","modified_gmt":"2024-02-19T20:38:19","slug":"recettes-chou-rouge","status":"publish","type":"page","link":"https:\/\/lescalamb.ovh\/index.php\/public\/produits\/recettes\/recettes-chou-rouge\/","title":{"rendered":"Recettes au Chou rouge"},"content":{"rendered":"\n<h2 class=\"wp-block-heading\">Plats<\/h2>\n\n\n\n<p><sup>VG<\/sup> <a href=\"https:\/\/www.lacuisinedannaetolivia.com\/2023\/04\/chou-rouge-roti-beurre-de-cacahuetes.html\" data-type=\"link\" data-id=\"https:\/\/www.lacuisinedannaetolivia.com\/2023\/04\/chou-rouge-roti-beurre-de-cacahuetes.html\">Chou rouge r\u00f4ti au four, marinade au beurre de cacah\u00e8tes<\/a> : <br><sup>AMAP<\/sup>  Ail + Citron + Chou rouge + Huile d&#8217;Olive<br><em>Pur\u00e9e de cacahu\u00e8tes + Sauce soja + Sel + Miel (Sirop d&#8217;\u00e9rable)<\/em><\/p>\n","protected":false},"excerpt":{"rendered":"<p>Plats VG Chou rouge r\u00f4ti au four, marinade au beurre de cacah\u00e8tes : AMAP Ail + Citron + Chou rouge + Huile d&#8217;OlivePur\u00e9e de cacahu\u00e8tes + Sauce soja + Sel + Miel (Sirop d&#8217;\u00e9rable)<\/p>\n","protected":false},"author":3,"featured_media":0,"parent":258,"menu_order":0,"comment_status":"closed","ping_status":"closed","template":"","meta":{"footnotes":""},"categories":[10],"tags":[9],"class_list":["post-1308","page","type-page","status-publish","hentry","category-recettes-specifiques","tag-recettes"],"_links":{"self":[{"href":"https:\/\/lescalamb.ovh\/index.php\/wp-json\/wp\/v2\/pages\/1308","targetHints":{"allow":["GET"]}}],"collection":[{"href":"https:\/\/lescalamb.ovh\/index.php\/wp-json\/wp\/v2\/pages"}],"about":[{"href":"https:\/\/lescalamb.ovh\/index.php\/wp-json\/wp\/v2\/types\/page"}],"author":[{"embeddable":true,"href":"https:\/\/lescalamb.ovh\/index.php\/wp-json\/wp\/v2\/users\/3"}],"replies":[{"embeddable":true,"href":"https:\/\/lescalamb.ovh\/index.php\/wp-json\/wp\/v2\/comments?post=1308"}],"version-history":[{"count":4,"href":"https:\/\/lescalamb.ovh\/index.php\/wp-json\/wp\/v2\/pages\/1308\/revisions"}],"predecessor-version":[{"id":2223,"href":"https:\/\/lescalamb.ovh\/index.php\/wp-json\/wp\/v2\/pages\/1308\/revisions\/2223"}],"up":[{"embeddable":true,"href":"https:\/\/lescalamb.ovh\/index.php\/wp-json\/wp\/v2\/pages\/258"}],"wp:attachment":[{"href":"https:\/\/lescalamb.ovh\/index.php\/wp-json\/wp\/v2\/media?parent=1308"}],"wp:term":[{"taxonomy":"category","embeddable":true,"href":"https:\/\/lescalamb.ovh\/index.php\/wp-json\/wp\/v2\/categories?post=1308"},{"taxonomy":"post_tag","embeddable":true,"href":"https:\/\/lescalamb.ovh\/index.php\/wp-json\/wp\/v2\/tags?post=1308"}],"curies":[{"name":"wp","href":"https:\/\/api.w.org\/{rel}","templated":true}]}}