{"id":1692,"date":"2024-01-28T10:03:28","date_gmt":"2024-01-28T09:03:28","guid":{"rendered":"https:\/\/lescalamb.ovh\/?page_id=1692"},"modified":"2024-02-01T21:26:31","modified_gmt":"2024-02-01T20:26:31","slug":"charte-des-amap","status":"publish","type":"page","link":"https:\/\/lescalamb.ovh\/index.php\/public\/charte-des-amap\/","title":{"rendered":"Charte des AMAP"},"content":{"rendered":"\n<h2 class=\"wp-block-heading\">Les AMAP doivent respecter 18 principes fondateurs :<\/h2>\n\n\n\n<ol class=\"wp-block-list\">\n<li>La r\u00e9f\u00e9rence \u00e0 la charte de l\u2019agriculture paysanne pour chaque producteur.<\/li>\n\n\n\n<li>Une production de dimension humaine adapt\u00e9e aux types de culture et d&#8217;\u00e9levage.<\/li>\n\n\n\n<li>Une production respectueuse de la nature, de l&#8217;environnement et de l&#8217;animal : d\u00e9veloppement d&#8217;une biodiversit\u00e9, fertilit\u00e9 des sols, production sans engrais chimiques de synth\u00e8se ni pesticides, gestion \u00e9conomique de l&#8217;eau &#8230;<\/li>\n\n\n\n<li>Une bonne qualit\u00e9 des produits : gustative, sanitaire, environnementale.<\/li>\n\n\n\n<li>L&#8217;appui \u00e0 l&#8217;agriculture paysanne locale.<\/li>\n\n\n\n<li>La solidarit\u00e9 et des liens actifs avec tous les acteurs locaux \u0153uvrant pour le maintien de l&#8217;agriculture durable et d&#8217;un commerce solidaire.<\/li>\n\n\n\n<li>Le respect des normes sociales par rapport aux employ\u00e9s de l&#8217;exploitation, y compris le personnel temporaire.<\/li>\n\n\n\n<li>La recherche de la transparence dans les actes d&#8217;achat, de production, de transformation et de vente des produits agricoles.<\/li>\n\n\n\n<li>L&#8217;accompagnement du producteur \u00e0 l&#8217;autonomie, c&#8217;est-\u00e0-dire la capacit\u00e9 \u00e0 \u00eatre ma\u00eetre de ses choix.<\/li>\n\n\n\n<li>La proximit\u00e9 du producteur et des consommateurs : elle est indispensable pour assurer le lien direct entre eux et pour favoriser le circuit le plus court entre producteur et consommateurs.<\/li>\n\n\n\n<li>Une AMAP par producteur et par groupe local de consommateurs.<\/li>\n\n\n\n<li>La formalisation et le respect des contrats \u00e0 chaque saison entre consommateurs et producteurs.<\/li>\n\n\n\n<li>Aucun interm\u00e9diaire entre producteur et consommateurs, pas de produits achet\u00e9s et revendus par le producteur sans accord des consommateurs.<\/li>\n\n\n\n<li>La d\u00e9finition \u00e0 chaque saison d&#8217;un prix \u00e9quitable entre producteur et consommateurs.<\/li>\n\n\n\n<li>Une information fr\u00e9quente du consommateur sur les produits.<\/li>\n\n\n\n<li>La solidarit\u00e9 des consommateurs avec le producteur dans les al\u00e9as de la production.<\/li>\n\n\n\n<li>Une participation active des consommateurs \u00e0 l&#8217;AMAP favoris\u00e9e notamment par la responsabilisation du maximum d&#8217;adh\u00e9rents.<\/li>\n\n\n\n<li>Une sensibilisation des adh\u00e9rents de l&#8217;AMAP aux particularit\u00e9s de l&#8217;agriculture paysanne<\/li>\n<\/ol>\n","protected":false},"excerpt":{"rendered":"<p>Les AMAP doivent respecter 18 principes fondateurs :<\/p>\n","protected":false},"author":1,"featured_media":0,"parent":105,"menu_order":0,"comment_status":"closed","ping_status":"closed","template":"","meta":{"footnotes":""},"categories":[],"tags":[],"class_list":["post-1692","page","type-page","status-publish","hentry"],"_links":{"self":[{"href":"https:\/\/lescalamb.ovh\/index.php\/wp-json\/wp\/v2\/pages\/1692","targetHints":{"allow":["GET"]}}],"collection":[{"href":"https:\/\/lescalamb.ovh\/index.php\/wp-json\/wp\/v2\/pages"}],"about":[{"href":"https:\/\/lescalamb.ovh\/index.php\/wp-json\/wp\/v2\/types\/page"}],"author":[{"embeddable":true,"href":"https:\/\/lescalamb.ovh\/index.php\/wp-json\/wp\/v2\/users\/1"}],"replies":[{"embeddable":true,"href":"https:\/\/lescalamb.ovh\/index.php\/wp-json\/wp\/v2\/comments?post=1692"}],"version-history":[{"count":2,"href":"https:\/\/lescalamb.ovh\/index.php\/wp-json\/wp\/v2\/pages\/1692\/revisions"}],"predecessor-version":[{"id":1801,"href":"https:\/\/lescalamb.ovh\/index.php\/wp-json\/wp\/v2\/pages\/1692\/revisions\/1801"}],"up":[{"embeddable":true,"href":"https:\/\/lescalamb.ovh\/index.php\/wp-json\/wp\/v2\/pages\/105"}],"wp:attachment":[{"href":"https:\/\/lescalamb.ovh\/index.php\/wp-json\/wp\/v2\/media?parent=1692"}],"wp:term":[{"taxonomy":"category","embeddable":true,"href":"https:\/\/lescalamb.ovh\/index.php\/wp-json\/wp\/v2\/categories?post=1692"},{"taxonomy":"post_tag","embeddable":true,"href":"https:\/\/lescalamb.ovh\/index.php\/wp-json\/wp\/v2\/tags?post=1692"}],"curies":[{"name":"wp","href":"https:\/\/api.w.org\/{rel}","templated":true}]}}