{"id":401,"date":"2024-01-17T11:20:08","date_gmt":"2024-01-17T10:20:08","guid":{"rendered":"https:\/\/lescalamb.ovh\/?page_id=401"},"modified":"2024-02-19T22:15:38","modified_gmt":"2024-02-19T21:15:38","slug":"recettes-pommes","status":"publish","type":"page","link":"https:\/\/lescalamb.ovh\/index.php\/public\/produits\/recettes\/recettes-pommes\/","title":{"rendered":"Recettes aux Pommes"},"content":{"rendered":"\n<h2 class=\"wp-block-heading\">Plats v\u00e9g\u00e9tariens<\/h2>\n\n\n\n<p><sup>VG<\/sup> <a href=\"https:\/\/www.marmiton.org\/recettes\/recette_chroucroute-crue-carotte-pomme-et-cumin_29185.aspx\">Choucroute crue, <strong>carotte<\/strong>, pomme et cumin<\/a> : <br><sup>AMAP<\/sup> Ail + Carottes + Huile d&#8217;Olive + Pommes + Vinaigre<br><em>+ Choucroute crue + Cumin + Moutarde + Poivre + Sel<\/em><\/p>\n\n\n\n<p><sup>VG<\/sup> <a href=\"https:\/\/artichautetcerisenoire.fr\/2012\/12\/cocotte-de-chou-blanc\/\">Cocotte de Chou blanc \u00e0 la Pomme, aux Raisins secs et au Vinaigre<\/a> : <br><sup>AMAP<\/sup> Chou blanc + Echalotes + Huile d&#8217;Olive + Pommes + Raisins secs + Vinaigre<br><em>+ Poivre + Sel<\/em><\/p>\n\n\n\n<p><sup>VG<\/sup> <a href=\"https:\/\/lamerepierre.fr\/recettes\/crepe-reblochon-pommes\/\" data-type=\"link\" data-id=\"https:\/\/lamerepierre.fr\/recettes\/crepe-reblochon-pommes\/\">Cr\u00eape reblochon Pommes<\/a> : <br><sup>AMAP<\/sup> Pommes<br><em><em>+<\/em> Beurre sal\u00e9 + Cr\u00eapes\/Galettes + Reblochon + Sel<\/em><\/p>\n\n\n\n<p><sup>VG<\/sup> <a href=\"https:\/\/www.soscuisine.com\/recette\/salade-carottes-pommes\">Salade aux <strong>Carottes<\/strong> et aux Pommes<\/a> : <br><sup>AMAP<\/sup> Citron + Carottes + Huile d&#8217;Olive + Pommes<br><em>+ Cannelle + Clous de girofle + Menthe + Miel + Persil + Poivre + Sel<\/em><\/p>\n\n\n\n<p><sup>VG<\/sup> <a href=\"https:\/\/fr.wikibooks.org\/wiki\/Livre_de_cuisine\/Salade_au_navet\">Salade au <strong>Navet<\/strong><\/a> : <br><sup>AMAP<\/sup>  Citron + Huile de tournesol + Navets + Pommes + Vinaigre<br><em>+ Graines de Courge + Sel<\/em><\/p>\n\n\n\n<p><sup>VG<\/sup> <a href=\"https:\/\/www.ptitchef.com\/recettes\/accompagnement\/saute-de-navets-aux-pommes-et-au-miel-fid-193970\">Saut\u00e9 de <strong>Navets<\/strong> aux Pommes et au <strong>Miel<\/strong><\/a> : <br><sup>AMAP<\/sup> Citron + Huile de Tournesol + Miel + Navets + Oignons + Noix + Pommes<\/p>\n\n\n\n<p><sup>VG<\/sup> <a href=\"https:\/\/fr.wikibooks.org\/wiki\/Livre_de_cuisine\/Salade_de_pommes_et_pois_chiches\">Salade de Pommes et <strong>Pois chiches<\/strong><\/a> : <br><sup>AMAP<\/sup> Basilic + C\u00e9leri branche + Citron + Huile d&#8217;Olive + Oignons + Pois chiches + Pommes<em><br>+ Ciboulette + Poivre + Sel<\/em><\/p>\n\n\n\n<p><sup>VG<\/sup> <a href=\"https:\/\/recettesvegetales.com\/tartare-de-courgette-a-la-pomme\/\">Tartare de <strong>Courgette<\/strong> \u00e0 la Pomme<\/a> : <br><sup>AMAP<\/sup> Citron + Courgette + Huile d&#8217;Olive + Pomme<br><em>+ Sel<\/em><\/p>\n\n\n\n<p><sup>VG<\/sup> <a href=\"https:\/\/www.recettesduchef.fr\/Recettes\/Soupes\/veloute-de-celeri-rave-pomme-granny.html\">Velout\u00e9 de C\u00e9leri-rave Pommes<\/a> : <br><sup>AMAP<\/sup> Bouillon (de l\u00e9gumes) + C\u00e9leri-rave + Huile d&#8217;Olive + Oignons + Pommes<br><em><em>+<\/em> Cr\u00e8me liquide + Poivre + Sauge + Sel + Thym<\/em><\/p>\n\n\n\n<h2 class=\"wp-block-heading\">Plats avec viande<\/h2>\n\n\n\n<p><a href=\"https:\/\/www.lesfruitsetlegumesfrais.com\/en-cuisine\/recettes\/burger-de-pomme-et-boeuf-a-la-coriandre-fraiche\">Burger de pomme et boeuf \u00e0 la coriandre fra\u00eeche<\/a> : <br><sup>AMAP<\/sup> Boeuf + Citron + Echalote + Fromage blanc (de ch\u00e8vre) + Huile d&#8217;Olive + Pommes<br><em>+ Beurre + Cerfeuil + Coriandre fra\u00eeche et poudre + Estragon + Moutarde + Poivre + Sel<\/em><\/p>\n\n\n\n<h2 class=\"wp-block-heading\">Desserts sucr\u00e9s<\/h2>\n\n\n\n<p><sup>VG<\/sup> <a href=\"https:\/\/www.marieclaire.fr\/cuisine\/clafoutis-aux-pommes-tatin,1206528.asp\">Clafoutis aux Pommes Tatin<\/a> : <br><sup>AMAP<\/sup> Oeufs + Pommes<em><br><em>+ <\/em>Cr\u00e8me liquide + F\u00e9cule de Ma\u00efs + Lait + Levure chimique + Sel + Sucre + Vanille<\/em><\/p>\n\n\n\n<p><sup>VG<\/sup> <a href=\"https:\/\/www.marmiton.org\/recettes\/recette_cookies-aux-pommes-cannelle-et-miel_233119.aspx\">Cookies aux Pommes, cannelle et <strong>Miel<\/strong><\/a> : <br><sup>AMAP<\/sup> Farine + Miel + Oeufs + Pommes<em><br><em>+ <\/em>Beurre + Lait + Levure chimique + Sucre<\/em><\/p>\n\n\n\n<p><sup>VG<\/sup> <a href=\"https:\/\/www.lesfoodies.com\/lyly59\/recette\/gateau-aux-pommes-et-au-pralin\">Gateau aux Pommes et au pralin<\/a> : <br><sup>AMAP<\/sup> Farine + Oeufs + Pommes<em><br><em>+ <\/em>Beurre + Levure chimique + Pralin + Sucre<\/em><\/p>\n\n\n\n<p><sup>VG<\/sup> <a href=\"https:\/\/www.750g.com\/gaufres-aux-pommes-r75762.htm\">Gaufres aux Pommes<\/a> : <br><sup>AMAP<\/sup> Farine + Oeufs + Pommes<br><em>+ Beurre + Cr\u00e8me liquide + Lait + Levure chimique + Sucre + Sucre glace + Vanille<\/em><\/p>\n\n\n\n<p><sup>VG<\/sup> <a href=\"https:\/\/www.elle.fr\/Elle-a-Table\/Recettes-de-cuisine\/Genoise-aux-pommes-2070240\">G\u00e9noise aux Pommes<\/a> : <br><sup>AMAP<\/sup> Farine + Oeufs + Pommes<br><em><em>+<\/em> Beurre + Sucre<\/em><\/p>\n\n\n\n<p><sup>VG<\/sup> <a href=\"https:\/\/www.750g.com\/gratins-de-pomme-a-la-vanille-r67583.htm\">Gratins de Pommes \u00e0 la vanille<\/a> : <br><sup>AMAP<\/sup> Oeufs + Pommes<em><br><em>+ <\/em>Cr\u00e8me liquide + Sucre + Vanille<\/em><\/p>\n\n\n\n<p><sup>VG<\/sup> <a href=\"https:\/\/www.marmiton.org\/recettes\/recette_madeleines-aux-pommes_59173.aspx\" data-type=\"link\" data-id=\"https:\/\/cuisine.journaldesfemmes.fr\/recette\/340951-muffins-aux-pommes\">Madeleines aux Pommes<\/a> : <br><sup>AMAP<\/sup> Farine + Miel + Oeufs + Pommes<em><br><em>+ <\/em>Beurre + Levure chimique + Sucre glace<\/em><\/p>\n\n\n\n<p><sup>VG<\/sup> <a href=\"https:\/\/fr.wikibooks.org\/wiki\/Livre_de_cuisine\/M%C3%A9lange_Pomme-Fraise\">M\u00e9lange Pommes-Fraises<\/a> : <br><sup>AMAP<\/sup> Fraises + Pommes<em><br><em>+ <\/em>Biscuit + Lait + Sucre<\/em><\/p>\n\n\n\n<p><sup>VG<\/sup> <a href=\"https:\/\/cuisine.journaldesfemmes.fr\/recette\/340951-muffins-aux-pommes\" data-type=\"link\" data-id=\"https:\/\/cuisine.journaldesfemmes.fr\/recette\/340951-muffins-aux-pommes\">Muffins aux Pommes<\/a> : <br><sup>AMAP<\/sup> Farine + Oeufs + Pommes<em><br><em>+ <\/em>Beurre + Cannelle + Gingembre + Lait + Levure chimique + Sucre<\/em><\/p>\n\n\n\n<p><sup>VG<\/sup> <a href=\"https:\/\/www.cuisineaz.com\/recettes\/quatre-quarts-aux-pommes-facile-36766.aspx\">Quatre-quarts aux Pommes<\/a> : <br><sup>AMAP<\/sup> Farine + Oeufs + Pommes<br><em><em>+ <\/em>Beurre + Sucre<\/em><\/p>\n\n\n\n<p><sup>VG<\/sup> <a href=\"https:\/\/www.750g.com\/roule-aux-pommes-r83727.htm\">Roul\u00e9 aux Pommes<\/a> : <br><sup>AMAP<\/sup> Compote de Pommes + Farine + Oeufs + Pommes<br><em><em>+ <\/em>Beurre + Levure + Sucre + Sucre glace + Vanille<\/em><\/p>\n\n\n\n<p><sup>VG<\/sup> <a href=\"https:\/\/atelierdebrigitte.over-blog.com\/2019\/10\/tarte-aux-pommes-et-noisettes-pate-sablee-noisettes-recette-du-chef-conticini-ph.html\">Tarte aux Pommes et noisettes<\/a> : <br><sup>AMAP<\/sup> Farine + Oeufs + Pommes<br><em><em>+ Beurre + <\/em>Poudre de noisettes + Sucre glace<\/em><\/p>\n","protected":false},"excerpt":{"rendered":"<p>Plats v\u00e9g\u00e9tariens VG Choucroute crue, carotte, pomme et cumin : AMAP Ail + Carottes + Huile d&#8217;Olive + Pommes + Vinaigre+ Choucroute crue + Cumin + Moutarde + Poivre + Sel VG Cocotte de Chou blanc \u00e0 la Pomme, aux Raisins secs et au Vinaigre : AMAP Chou blanc + Echalotes + Huile d&#8217;Olive + &hellip; <a href=\"https:\/\/lescalamb.ovh\/index.php\/public\/produits\/recettes\/recettes-pommes\/\" class=\"more-link\">Lire la suite de <span class=\"screen-reader-text\">Recettes aux Pommes<\/span><\/a><\/p>\n","protected":false},"author":3,"featured_media":0,"parent":258,"menu_order":0,"comment_status":"closed","ping_status":"closed","template":"","meta":{"footnotes":""},"categories":[10],"tags":[9],"class_list":["post-401","page","type-page","status-publish","hentry","category-recettes-specifiques","tag-recettes"],"_links":{"self":[{"href":"https:\/\/lescalamb.ovh\/index.php\/wp-json\/wp\/v2\/pages\/401","targetHints":{"allow":["GET"]}}],"collection":[{"href":"https:\/\/lescalamb.ovh\/index.php\/wp-json\/wp\/v2\/pages"}],"about":[{"href":"https:\/\/lescalamb.ovh\/index.php\/wp-json\/wp\/v2\/types\/page"}],"author":[{"embeddable":true,"href":"https:\/\/lescalamb.ovh\/index.php\/wp-json\/wp\/v2\/users\/3"}],"replies":[{"embeddable":true,"href":"https:\/\/lescalamb.ovh\/index.php\/wp-json\/wp\/v2\/comments?post=401"}],"version-history":[{"count":40,"href":"https:\/\/lescalamb.ovh\/index.php\/wp-json\/wp\/v2\/pages\/401\/revisions"}],"predecessor-version":[{"id":2280,"href":"https:\/\/lescalamb.ovh\/index.php\/wp-json\/wp\/v2\/pages\/401\/revisions\/2280"}],"up":[{"embeddable":true,"href":"https:\/\/lescalamb.ovh\/index.php\/wp-json\/wp\/v2\/pages\/258"}],"wp:attachment":[{"href":"https:\/\/lescalamb.ovh\/index.php\/wp-json\/wp\/v2\/media?parent=401"}],"wp:term":[{"taxonomy":"category","embeddable":true,"href":"https:\/\/lescalamb.ovh\/index.php\/wp-json\/wp\/v2\/categories?post=401"},{"taxonomy":"post_tag","embeddable":true,"href":"https:\/\/lescalamb.ovh\/index.php\/wp-json\/wp\/v2\/tags?post=401"}],"curies":[{"name":"wp","href":"https:\/\/api.w.org\/{rel}","templated":true}]}}