{"id":43,"date":"2023-12-16T15:47:01","date_gmt":"2023-12-16T14:47:01","guid":{"rendered":"https:\/\/lescalamb.ovh\/?page_id=43"},"modified":"2024-01-24T11:34:08","modified_gmt":"2024-01-24T10:34:08","slug":"qu-est-ce-qu-une-amap","status":"publish","type":"page","link":"https:\/\/lescalamb.ovh\/index.php\/public\/qu-est-ce-qu-une-amap\/","title":{"rendered":"Qu&#8217;est-ce qu&#8217;une AMAP\u00a0?"},"content":{"rendered":"<div class=\"wp-block-image\">\n<figure class=\"alignleft size-full\"><img loading=\"lazy\" decoding=\"async\" width=\"389\" height=\"518\" src=\"http:\/\/lescalamb.ovh\/wp-content\/uploads\/2023\/12\/Photoplants_pasteques.jpg\" alt=\"\" class=\"wp-image-44\" srcset=\"https:\/\/lescalamb.ovh\/wp-content\/uploads\/2023\/12\/Photoplants_pasteques.jpg 389w, https:\/\/lescalamb.ovh\/wp-content\/uploads\/2023\/12\/Photoplants_pasteques-225x300.jpg 225w\" sizes=\"auto, (max-width: 389px) 100vw, 389px\" \/><\/figure>\n<\/div>\n\n\n<div class=\"wp-block-group\"><div class=\"wp-block-group__inner-container is-layout-constrained wp-block-group-is-layout-constrained\">\n<p>C&#8217;est un groupe de consommateurs qui passe un contrat avec un mara\u00eecher local.<\/p>\n\n\n\n<p>Chacun ach\u00e8te \u00e0 l&#8217;avance sa part de r\u00e9colte.<\/p>\n\n\n\n<p>Les l\u00e9gumes \u00e0 cultiver (vari\u00e9t\u00e9s et quantit\u00e9s) sont choisis conjointement par le producteur et les consommateurs avant la saison de production. Ils sont ensuite partag\u00e9s chaque semaine selon les modalit\u00e9s d\u00e9finies par le groupe.<\/p>\n\n\n\n<p>L&#8217;agriculteur est pr\u00e9sent \u00e0 chaque distribution de l\u00e9gumes pour faire d\u00e9couvrir ses produits. Des rencontres sont \u00e9galement organis\u00e9es sur la ferme pour mieux conna\u00eetre le m\u00e9tier d&#8217;agriculteur biologique.<\/p>\n\n\n\n<p>AMAP&#8217;ORTE propose ainsi des paniers de l\u00e9gumes auxquels peuvent s&#8217;ajouter une multitude d&#8217;<a href=\"https:\/\/lescalamb.ovh\/index.php\/public\/produits\/produits-annexes\/\">autres produits<\/a>&nbsp;(ex&nbsp;: \u0153ufs, viandes, farines, p\u00e2tes, c\u00e9r\u00e9ales, l\u00e9gumineuses, miel).<\/p>\n\n\n\n<p>Les l\u00e9gumes sont frais, de saison, diversifi\u00e9s, cultiv\u00e9s sans produits chimiques, et disponibles \u00e0 mesure qu&#8217;ils m\u00fbrissent. La proximit\u00e9 de la ferme minimise les transports et les emballages.<\/p>\n\n\n\n<p>Le prix de la souscription est d\u00e9fini conjointement par le producteur et les consommateurs. L&#8217;achat \u00e0 l&#8217;avance garantit un revenu \u00e0 l&#8217;agriculteur et lui permet d&#8217;obtenir ses fournitures (semences&#8230;) sans s&#8217;endetter.<\/p>\n\n\n\n<p>AMAP&#8217;ORTE est membre du r\u00e9seau &#8220;<a target=\"_blank\" href=\"http:\/\/www.lesamapdeprovence.org\/\" rel=\"noreferrer noopener\">Les AMAP de Provence<\/a>&#8220;, garant de la charte et de la &#8220;marque&#8221; AMAP.<\/p>\n\n\n\n<p>Des manifestations ouvertes au public sont aussi organis\u00e9es par l&#8217;association.<\/p>\n<\/div><\/div>\n","protected":false},"excerpt":{"rendered":"<p>C&#8217;est un groupe de consommateurs qui passe un contrat avec un mara\u00eecher local. Chacun ach\u00e8te \u00e0 l&#8217;avance sa part de r\u00e9colte. Les l\u00e9gumes \u00e0 cultiver (vari\u00e9t\u00e9s et quantit\u00e9s) sont choisis conjointement par le producteur et les consommateurs avant la saison de production. Ils sont ensuite partag\u00e9s chaque semaine selon les modalit\u00e9s d\u00e9finies par le groupe. &hellip; <a href=\"https:\/\/lescalamb.ovh\/index.php\/public\/qu-est-ce-qu-une-amap\/\" class=\"more-link\">Lire la suite de <span class=\"screen-reader-text\">Qu&#8217;est-ce qu&#8217;une AMAP\u00a0?<\/span><\/a><\/p>\n","protected":false},"author":1,"featured_media":0,"parent":105,"menu_order":1,"comment_status":"closed","ping_status":"closed","template":"","meta":{"footnotes":""},"categories":[],"tags":[],"class_list":["post-43","page","type-page","status-publish","hentry"],"_links":{"self":[{"href":"https:\/\/lescalamb.ovh\/index.php\/wp-json\/wp\/v2\/pages\/43","targetHints":{"allow":["GET"]}}],"collection":[{"href":"https:\/\/lescalamb.ovh\/index.php\/wp-json\/wp\/v2\/pages"}],"about":[{"href":"https:\/\/lescalamb.ovh\/index.php\/wp-json\/wp\/v2\/types\/page"}],"author":[{"embeddable":true,"href":"https:\/\/lescalamb.ovh\/index.php\/wp-json\/wp\/v2\/users\/1"}],"replies":[{"embeddable":true,"href":"https:\/\/lescalamb.ovh\/index.php\/wp-json\/wp\/v2\/comments?post=43"}],"version-history":[{"count":17,"href":"https:\/\/lescalamb.ovh\/index.php\/wp-json\/wp\/v2\/pages\/43\/revisions"}],"predecessor-version":[{"id":1471,"href":"https:\/\/lescalamb.ovh\/index.php\/wp-json\/wp\/v2\/pages\/43\/revisions\/1471"}],"up":[{"embeddable":true,"href":"https:\/\/lescalamb.ovh\/index.php\/wp-json\/wp\/v2\/pages\/105"}],"wp:attachment":[{"href":"https:\/\/lescalamb.ovh\/index.php\/wp-json\/wp\/v2\/media?parent=43"}],"wp:term":[{"taxonomy":"category","embeddable":true,"href":"https:\/\/lescalamb.ovh\/index.php\/wp-json\/wp\/v2\/categories?post=43"},{"taxonomy":"post_tag","embeddable":true,"href":"https:\/\/lescalamb.ovh\/index.php\/wp-json\/wp\/v2\/tags?post=43"}],"curies":[{"name":"wp","href":"https:\/\/api.w.org\/{rel}","templated":true}]}}