{"id":463,"date":"2024-01-17T22:52:04","date_gmt":"2024-01-17T21:52:04","guid":{"rendered":"https:\/\/lescalamb.ovh\/?page_id=463"},"modified":"2024-02-19T21:52:00","modified_gmt":"2024-02-19T20:52:00","slug":"recettes-potiron","status":"publish","type":"page","link":"https:\/\/lescalamb.ovh\/index.php\/public\/produits\/recettes\/recettes-potiron\/","title":{"rendered":"Recettes au Potiron"},"content":{"rendered":"\n<h2 class=\"wp-block-heading\">Plats v\u00e9g\u00e9tariens<\/h2>\n\n\n\n<p><sup>VG<\/sup> <a href=\"https:\/\/www.cuisineaz.com\/recettes\/crumble-de-potiron-au-parmesan-50178.aspx\">Crumble de Potiron au parmesan<\/a> : <br><sup>AMAP<\/sup> Bouillon (de l\u00e9gumes) + Farine + Potiron<br><em>+ Beurre + Chapelure + Parmesan + Poivre + Poudre d&#8217;amandes + Sel<\/em><\/p>\n\n\n\n<p><sup>VG<\/sup> <a href=\"https:\/\/www.marmiton.org\/recettes\/recette_gratin-de-courge-sauce-bechamel_231779.aspx\">Gratin de Courge sauce b\u00e9chamel<\/a> : <br><sup>AMAP<\/sup> Farine + Oeufs + Potiron<br><em>+ Beurre + Emmental + Lait + Poivre + Sel<\/em><\/p>\n\n\n\n<p><sup>VG<\/sup> <a href=\"https:\/\/fr.wikibooks.org\/wiki\/Livre_de_cuisine\/Gratin_de_potiron\">Gratin de Potiron<\/a> : <br><sup>AMAP<\/sup> Huile d&#8217;Olive + Oeufs + Pommes de terre + Potiron<br><em>+ Emmental + Poivre + Sel<\/em><\/p>\n\n\n\n<p><sup>VG<\/sup> <a href=\"https:\/\/fr.wikibooks.org\/wiki\/Recettes_de_villages_qui_bougent\/Vend%C3%A9e\/Potage_potiron-ch%C3%A2taignes\">Potage Potiron<strong> Ch\u00e2taignes<\/strong><\/a> : <br><sup>AMAP<\/sup> Marrons + Potiron<br><em>+ Beurre + Poivre + Sel<\/em><\/p>\n\n\n\n<p><sup>VG<\/sup> <a href=\"https:\/\/weekend.levif.be\/culinaire\/recettes\/potiron-aux-marrons-et-aux-echalotes\/\">Potiron aux <strong>Marrons<\/strong> et aux <strong>Echalotes<\/strong><\/a> : <br><sup>AMAP<\/sup> Echalotes + Huile de Tournesol + Marrons + Potiron<br><em>+ Beurre + Gingembre + Noix de Muscade + Poivre + Sel + Thym<\/em><\/p>\n\n\n\n<p><sup>VG<\/sup> <a href=\"https:\/\/www.fourchette-et-bikini.fr\/recettes\/recettes-minceur\/potiron-roti-au-miel-thym-et-ail.html\">Potiron r\u00f4ti au <strong>Miel<\/strong>, thym et <strong>Ail<\/strong><\/a> : <br><sup>AMAP<\/sup> Ail + Huile d&#8217;olive + Miel + Potiron<br><em>+ Poivre + Sel + Thym<\/em><\/p>\n\n\n\n<p><sup>VG<\/sup> <a href=\"https:\/\/cuisine.journaldesfemmes.fr\/recette\/309477-puree-de-potiron\">Pur\u00e9e de Potiron et <strong>Pommes de terre<\/strong><\/a> : <br><sup>AMAP<\/sup> Pommes de terre + Potiron<br><em>+ Beurre + Lait + Poivre<\/em><\/p>\n\n\n\n<h2 class=\"wp-block-heading\">Plats avec viande<\/h2>\n\n\n\n<p><a href=\"https:\/\/www.mesrecettes.info\/cuisses-de-poulet-a-la-citrouille-et-aux-pommes-de-terre\/\">Cuisses de <strong>Poulet<\/strong> \u00e0 la Citrouille et aux <strong>Pommes de terre<\/strong><\/a> : <br><sup>AMAP<\/sup> Ail + Huile d&#8217;Olive + Pommes de terre + Potiron + Poulet (cuisses)<br><em>+ Poivre + Romarin + Sel<\/em><\/p>\n\n\n\n<p><a href=\"https:\/\/cuisine.journaldesfemmes.fr\/recette\/3128396-tartiflette-potiron-noisettes-richesmonts\">Tartiflette Potiron Noisettes<\/a> : <br><sup>AMAP<\/sup> Potiron + Oignons<br><em>+ Beurre + Lardons + Noisettes + Noix de muscade + Poivre + Reblochon + Sel<\/em><\/p>\n\n\n\n<h2 class=\"wp-block-heading\">Desserts<\/h2>\n\n\n\n<p><sup>VG<\/sup> <a href=\"https:\/\/www.marmiton.org\/recettes\/recette_gaufres-au-potiron_13243.aspx\" data-type=\"link\" data-id=\"https:\/\/www.marmiton.org\/recettes\/recette_gaufres-au-potiron_13243.aspx\">Gaufres au Potiron<\/a> : <br><sup>AMAP<\/sup> Farine + Oeufs + Potiron<br><em>+ Beurre + Lait + Levure chimique + Rhum + Sel + Sucre<\/em><\/p>\n\n\n\n<p><sup>VG<\/sup> <a href=\"https:\/\/www.marmiton.org\/recettes\/recette_madeleines-a-la-courge_219082.aspx\">Madeleines \u00e0 la Courge<\/a> : <br><sup>AMAP<\/sup> Farine + Oeufs + Potiron<br><em>+ Beurre + Levure chimique + Sucre<\/em><\/p>\n\n\n\n<p><sup>VG<\/sup> <a href=\"https:\/\/www.cuisineaz.com\/recettes\/muffin-light-chocolat-potiron-83978.aspx\">Muffin light Chocolat-Potiron<\/a> : <br><sup>AMAP<\/sup> Farine + Oeufs + Potiron<br><em>+ Cannelle + Lait + Levure chimique + Chocolat noir<\/em><\/p>\n\n\n\n<p><sup>VG<\/sup> <a href=\"https:\/\/www.cuisineaz.com\/recettes\/tarte-a-la-citrouille-traditionnelle-103716.aspx\" data-type=\"link\" data-id=\"https:\/\/www.cuisineaz.com\/recettes\/tarte-a-la-citrouille-traditionnelle-103716.aspx\">Tarte \u00e0 la Citrouille traditionnelle<\/a> : <br><sup>AMAP<\/sup> Oeufs + Potiron<br><em>+ Cannelle + Cr\u00e8me liquide + Gingembre + Lait + Muscade + P\u00e2te feuillet\u00e9e + Sucre<\/em><\/p>\n","protected":false},"excerpt":{"rendered":"<p>Plats v\u00e9g\u00e9tariens VG Crumble de Potiron au parmesan : AMAP Bouillon (de l\u00e9gumes) + Farine + Potiron+ Beurre + Chapelure + Parmesan + Poivre + Poudre d&#8217;amandes + Sel VG Gratin de Courge sauce b\u00e9chamel : AMAP Farine + Oeufs + Potiron+ Beurre + Emmental + Lait + Poivre + Sel VG Gratin de Potiron &hellip; <a href=\"https:\/\/lescalamb.ovh\/index.php\/public\/produits\/recettes\/recettes-potiron\/\" class=\"more-link\">Lire la suite de <span class=\"screen-reader-text\">Recettes au Potiron<\/span><\/a><\/p>\n","protected":false},"author":3,"featured_media":0,"parent":258,"menu_order":0,"comment_status":"closed","ping_status":"closed","template":"","meta":{"footnotes":""},"categories":[10],"tags":[9],"class_list":["post-463","page","type-page","status-publish","hentry","category-recettes-specifiques","tag-recettes"],"_links":{"self":[{"href":"https:\/\/lescalamb.ovh\/index.php\/wp-json\/wp\/v2\/pages\/463","targetHints":{"allow":["GET"]}}],"collection":[{"href":"https:\/\/lescalamb.ovh\/index.php\/wp-json\/wp\/v2\/pages"}],"about":[{"href":"https:\/\/lescalamb.ovh\/index.php\/wp-json\/wp\/v2\/types\/page"}],"author":[{"embeddable":true,"href":"https:\/\/lescalamb.ovh\/index.php\/wp-json\/wp\/v2\/users\/3"}],"replies":[{"embeddable":true,"href":"https:\/\/lescalamb.ovh\/index.php\/wp-json\/wp\/v2\/comments?post=463"}],"version-history":[{"count":30,"href":"https:\/\/lescalamb.ovh\/index.php\/wp-json\/wp\/v2\/pages\/463\/revisions"}],"predecessor-version":[{"id":2247,"href":"https:\/\/lescalamb.ovh\/index.php\/wp-json\/wp\/v2\/pages\/463\/revisions\/2247"}],"up":[{"embeddable":true,"href":"https:\/\/lescalamb.ovh\/index.php\/wp-json\/wp\/v2\/pages\/258"}],"wp:attachment":[{"href":"https:\/\/lescalamb.ovh\/index.php\/wp-json\/wp\/v2\/media?parent=463"}],"wp:term":[{"taxonomy":"category","embeddable":true,"href":"https:\/\/lescalamb.ovh\/index.php\/wp-json\/wp\/v2\/categories?post=463"},{"taxonomy":"post_tag","embeddable":true,"href":"https:\/\/lescalamb.ovh\/index.php\/wp-json\/wp\/v2\/tags?post=463"}],"curies":[{"name":"wp","href":"https:\/\/api.w.org\/{rel}","templated":true}]}}