{"id":524,"date":"2024-01-17T20:58:31","date_gmt":"2024-01-17T19:58:31","guid":{"rendered":"https:\/\/lescalamb.ovh\/?page_id=524"},"modified":"2024-02-19T22:03:51","modified_gmt":"2024-02-19T21:03:51","slug":"recettes-carottes","status":"publish","type":"page","link":"https:\/\/lescalamb.ovh\/index.php\/public\/produits\/recettes\/recettes-carottes\/","title":{"rendered":"Recettes aux Carottes"},"content":{"rendered":"\n<h2 class=\"wp-block-heading\">Plats v\u00e9g\u00e9tariens<\/h2>\n\n\n\n<p><sup>VG<\/sup> <a href=\"https:\/\/fr.wikibooks.org\/wiki\/Livre_de_cuisine\/Bouillon_de_l%C3%A9gumes\">Bouillon de l\u00e9gumes<\/a> : <br><sup>AMAP<\/sup> Ail + Carottes + C\u00e9leri branche + Oignons + Persil + Tomates<br><em><em>+ <\/em>Beurre + Laurier + Poivre + Sel + Thym<\/em><\/p>\n\n\n\n<p><sup>VG<\/sup> <a href=\"https:\/\/fr.wikibooks.org\/wiki\/Livre_de_cuisine\/Boulettes_aux_noix_de_cajou\">Boulettes aux noix de cajou<\/a> : <br><sup>AMAP<\/sup> Carottes + C\u00e9leri branche + Oignons + Persil<br><em><em>+ <\/em>Chapelure + Noix de cajou + Sauce soja + Thym <\/em><\/p>\n\n\n\n<p><sup>VG<\/sup> <a href=\"https:\/\/www.elle.fr\/Elle-a-Table\/Recettes-de-cuisine\/Boulgour-aux-abricots-secs-2155428\">Boulgour aux abricots secs<\/a> : <br><sup>AMAP<\/sup> Bouillon (de l\u00e9gumes) + Carottes + Courgettes + Navets + Oignons + Semoule<br><em>+ Abricots secs moelleux + Beurre + <em>Poivre<\/em><\/em> + <em>Sauce Soja + Sel<\/em><\/p>\n\n\n\n<p><sup>VG<\/sup> <a href=\"http:\/\/autrecuisine.canalblog.com\/archives\/2008\/10\/19\/11012866.html\">Carottes aux \u00e9pices, curry, <strong>Raisins secs<\/strong>, amandes<\/a> : <br><sup>AMAP<\/sup> Carottes + Huile d&#8217;Olive + Oignons + Persil + Poireaux + Raisins secs<br><em>+ Amandes effil\u00e9es + Cumin + Curry + Poivre + Sel<\/em><\/p>\n\n\n\n<p><sup>VG<\/sup> <a href=\"https:\/\/www.ricardocuisine.com\/recettes\/2291-carottes-caramelisees-au-four\">Carottes caram\u00e9lis\u00e9es au four<\/a> : <br><sup>AMAP<\/sup> Carottes + Miel<br><em>+ Beurre + Poivre + Sel + Vinaigre balsamique<\/em><\/p>\n\n\n\n<p><sup>VG<\/sup> <a href=\"https:\/\/www.marmiton.org\/recettes\/recette_chroucroute-crue-carotte-pomme-et-cumin_29185.aspx\">Choucroute crue, Carotte,<strong> Pomme<\/strong> et cumin<\/a> : <br><sup>AMAP<\/sup> Ail + Carottes + Huile d&#8217;Olive + Pommes + Vinaigre<br><em><em>+ <\/em>Choucroute crue + Cumin + Moutarde + Poivre + Sel<\/em><\/p>\n\n\n\n<p><sup>VG<\/sup> <a href=\"https:\/\/www.ptitchef.com\/recettes\/plat\/clafoutis-d-aubergines-et-carottes-au-curry-fid-1422673\">Clafoutis d&#8217;<strong>Aubergines<\/strong> et Carottes au curry<\/a> : <br><sup>AMAP<\/sup> Aubergines + Carottes + Farine + Huile d&#8217;Olive + Oeufs + Oignons<br><em>+ Curry + Lait de coco + Poivre + Sel + Thym<\/em><\/p>\n\n\n\n<p><sup>VG<\/sup> <a href=\"https:\/\/www.femmeactuelle.fr\/cuisine\/recettes\/accompagnement\/croquettes-de-carottes-09123\">Croquettes de Carottes<\/a> : <br><sup>AMAP<\/sup> Carottes + Farine + Oeufs<br><em>+ Cr\u00e8me + Poivre + Sel<\/em><\/p>\n\n\n\n<p><sup>VG<\/sup> <a href=\"https:\/\/www.cuisineactuelle.fr\/recettes\/crumble-de-carottes-et-noisettes-234217#\">Crumble de Carottes et noisettes<\/a> : <br><sup>AMAP<\/sup> Bouillon (de l\u00e9gumes) + Carottes + Citron + Farine + Huile d&#8217;Olive + Oignons<br><em>+ Beurre + Noisettes + Parmesan + Poivre + Sel<\/em><\/p>\n\n\n\n<p><sup>VG<\/sup> <a href=\"https:\/\/www.epicetoutlacuisinededany.fr\/2016\/10\/duo-de-carottes-et-pommes-de-terre-roti-aux-epices.html\">Duo de Carottes et <strong>Pommes de terre<\/strong><\/a> : <br><sup>AMAP<\/sup> Ail + Carottes + Huile d&#8217;Olive + Piment + Pommes de terre<br><em>+ Cannelle + Coriandre + Gingembre + Poivre + Sel<\/em><\/p>\n\n\n\n<p><sup>VG<\/sup> <a href=\"https:\/\/gourmand.viepratique.fr\/recettes-par-ingredient\/legumes\/gaufres-carotte-et-fines-herbes-28702.html\">Gaufres Carottes et fines herbes<\/a> : <br><sup>AMAP<\/sup> Carottes + Farine + Huile v\u00e9g\u00e9tale + Oeufs<br><em>+ Beurre + Ciboulette + Emmental + Sel<\/em><\/p>\n\n\n\n<p><sup>VG<\/sup> <a href=\"https:\/\/cuisine.journaldesfemmes.fr\/recette\/336378-gratin-de-carottes-a-la-creme\">Gratin de Carottes \u00e0 la cr\u00e8me<\/a> : <br><sup>AMAP<\/sup> Ail + Carottes<br><em><em>+ <\/em>Cannelle + Beurre + Cr\u00e8me liquide + Noix de muscade + Poivre + Sel<\/em><\/p>\n\n\n\n<p><sup>VG<\/sup> <a href=\"https:\/\/www.cuisineaz.com\/recettes\/marrons-et-carottes-sautes-34735.aspx\" data-type=\"link\" data-id=\"https:\/\/www.cuisineaz.com\/recettes\/marrons-et-carottes-sautes-34735.aspx\"><strong>Marrons<\/strong> et Carottes saut\u00e9s<\/a> : <br><sup>AMAP<\/sup> Carottes + Ch\u00e2taignes + Huile d&#8217;Olive + Oignons + Persil<\/p>\n\n\n\n<p><sup>VG<\/sup> <a href=\"https:\/\/www.biendecheznous.be\/recettes\/plat-de-lentilles-et-pommes-de-terre-sauce-au-yaourt\">Plat de <strong>Lentilles<\/strong> et <strong>Pommes de terre<\/strong>, sauce <strong>Yaourt<\/strong><\/a> : <br><sup>AMAP<\/sup> Ail + Bouillon (de l\u00e9gumes) + Carottes + Citron vert + Huile d&#8217;Olive + Lentilles + Oignons + Petits pois + Persil + Piment + Poivrons + Pommes de terre + Tomates<br><em>+ Curcuma + Poivre + Sel + Thym<\/em><\/p>\n\n\n\n<p><sup>VG<\/sup> <a href=\"https:\/\/www.marmiton.org\/recettes\/recette_poelee-de-carottes-vichy_25718.aspx\">Po\u00eal\u00e9e de Carottes Vichy<\/a> : <br><sup>AMAP<\/sup>  Carotte + Persil<br><em>+ Beurre + Sel + Sucre<\/em><\/p>\n\n\n\n<p><sup>VG<\/sup> <a href=\"https:\/\/www.750g.com\/poelee-de-courgettes-et-carottes-en-julienne-r56061.htm\">Po\u00eal\u00e9e de <strong>Courgettes<\/strong> et Carottes en julienne<\/a> : <br><sup>AMAP<\/sup>  Ail + Echalotes + Carottes + Courgettes + Huile d&#8217;Olive<br><em>+ Beurre + Poivre + Sel<\/em><\/p>\n\n\n\n<p><sup>VG<\/sup> <a href=\"https:\/\/fr.wikibooks.org\/wiki\/Livre_de_cuisine\/Pur%C3%A9e_de_carottes\">Pur\u00e9e de Carottes<\/a> : <br><sup>AMAP<\/sup>  Carottes + Pommes de terre<br><em>+ Beurre + Sel<\/em><\/p>\n\n\n\n<p><sup>VG<\/sup> <a href=\"https:\/\/www.soscuisine.com\/recette\/salade-carottes-pommes\">Salade aux Carottes et aux <strong>Pommes<\/strong><\/a> : <br><sup>AMAP<\/sup> Citron + Carottes + Huile d&#8217;Olive + Miel + Persil + Pommes<br><em>+ Cannelle + Clous de girofle + Menthe + Poivre + Sel<\/em><\/p>\n\n\n\n<p><sup>VG<\/sup> <a href=\"https:\/\/www.cuisineaz.com\/recettes\/soupe-aux-epinards-et-carottes-102989.aspx\">Soupe aux <strong>Epinards<\/strong> et Carottes<\/a> : <br><sup>AMAP<\/sup> Carottes + Epinards<br><em>+ Cr\u00e8me fra\u00eeche + Persil + Poivre + Sel<\/em><\/p>\n\n\n\n<p><sup>VG<\/sup> <a href=\"https:\/\/www.marmiton.org\/recettes\/recette_soupe-courge-butternut-carotte-pomme-de-terre_164727.aspx\">Soupe <strong>Courge Butternut<\/strong>, Carottes et <strong>Pommes de terre<\/strong><\/a> : <br><sup>AMAP<\/sup> Ail + Bouillon (de l\u00e9gumes) + Carottes + Courge Butternut + Huile d&#8217;Olive + Oignons + Pommes + Pommes de terre<br><em>+ Poivre + Romarin + Sel<\/em><\/p>\n\n\n\n<p><sup>VG<\/sup> <a href=\"https:\/\/www.marmiton.org\/recettes\/recette_soupe-de-carottes-express_36748.aspx\">Soupe de Carottes express<\/a> : <br><sup>AMAP<\/sup> Bouillon (de l\u00e9gumes) + Carottes + Huile d&#8217;Olive + Oignons + Persil + Pommes de terre<br><em>+ Cumin<\/em><\/p>\n\n\n\n<p><sup>VG<\/sup> <a href=\"https:\/\/fr.wikibooks.org\/wiki\/Livre_de_cuisine\/Soupe_minestrone\">Soupe Minestrone<\/a> : <br><sup>AMAP<\/sup> Basilic + Bouillon (de l\u00e9gumes) + Carottes + Chou blanc + Haricots coco + Haricots verts + Huile d&#8217;Olive + Oignons + Petits pois + Pommes de terre + Tomates<br><em>+ <em>Poivre<\/em> + Romarin<\/em> + <em>Sel + Thym<\/em><\/p>\n\n\n\n<p><sup>VG<\/sup> <a href=\"https:\/\/www.recettesduchef.fr\/Recettes\/Soupes\/soupe-legumes-panais.html\">Soupe <strong>Panais<\/strong> Carottes<\/a> : <br><sup>AMAP<\/sup> Carottes + Huile d&#8217;Olive + Oignons + Panais + Persil<br><em>+ Cr\u00e8me \u00e9paisse + Cumin + Poivre + Sel<\/em><\/p>\n\n\n\n<p><sup>VG<\/sup> <a href=\"https:\/\/fr.wikibooks.org\/wiki\/Livre_de_cuisine\/Soupe_paysanne\">Soupe Paysanne<\/a> : <br><sup>AMAP<\/sup> Bouillon (de l\u00e9gumes) + Carottes + C\u00e9leri branche + Chou blanc + Epinards + Haricots coco + Haricots verts + Oignons + Poivrons rouges + Pommes de terre<br><em>+ Poivre + Sel<\/em><\/p>\n\n\n\n<p><sup>VG<\/sup> <a href=\"https:\/\/www.cuisineaz.com\/recettes\/tagliatelles-de-carottes-au-miel-54042.aspx\">Tagliatelles de Carottes au <strong>Miel<\/strong><\/a> : <br><sup>AMAP<\/sup> Carottes + Huile v\u00e9g\u00e9tale + Miel<br><em>+ Poivre + Sel<\/em><\/p>\n\n\n\n<p><sup>VG<\/sup> <a href=\"https:\/\/fr.wikibooks.org\/wiki\/Livre_de_cuisine\/Tarte_aux_courgettes\">Tarte aux <strong>Courgettes<\/strong><\/a> : <br><sup>AMAP<\/sup> Carottes + Courgettes + Farine + Oeufs + Oignons<br><em>Beurre + Comt\u00e9 + Cr\u00e8me \u00e9paisse + Poivre + Sel<\/em><\/p>\n\n\n\n<h2 class=\"wp-block-heading\">Plats avec viande<\/h2>\n\n\n\n<p><sup>VG<\/sup> <a href=\"https:\/\/fr.wikibooks.org\/wiki\/Livre_de_cuisine\/Couscous\">Couscous<\/a> : <br><sup>AMAP<\/sup>  Agneau (collier) + Carottes + Coulis de Tomate + Courgettes + Huile d&#8217;Olive + Navets + Oignons + Pois chiche + Semoule<br><em>+ Raz el hanout<\/em><\/p>\n\n\n\n<p><a href=\"https:\/\/www.hervecuisine.com\/recette\/mijote-de-veau-aux-carottes-et-a-la-coriandre\/\">Mijot\u00e9 de Veau aux Carottes et \u00e0 la coriandre<\/a> : <br><sup>AMAP<\/sup> Carottes + Coriandre + Huile d&#8217;Olive + Oignons + Veau \u00e0 blanquette<br><em>+ Laurier + Poivre + Sel<\/em><\/p>\n\n\n\n<p><a href=\"https:\/\/www.atelierdeschefs.fr\/recettes\/12568\/poulet-roti-et-carottes-primeurs\/\"><strong>Poulet<\/strong> r\u00f4ti et Carottes primeur<\/a> : <br><sup>AMAP<\/sup> Ail + Carottes + Huile d&#8217;olive + Miel + Oignons + Orange (jus) + Poulet entier<br><em>Laurier + Poivre + Sel + Thym<\/em><\/p>\n\n\n\n<p><a href=\"https:\/\/odelices.ouest-france.fr\/recette\/puree-de-pois-casses-a-l-ancienne-r95\/\">Pur\u00e9e de <strong>Pois cass\u00e9s<\/strong><\/a> : <br><sup>AMAP<\/sup> Carottes + Oignons + Persil + Pois cass\u00e9s<br><em>Lardons + Laurier + <em>Poivre<\/em><\/em> + <em>Sel + Thym<\/em><\/p>\n\n\n\n<p><a href=\"https:\/\/www.marmiton.org\/recettes\/recette_soupe-economique-au-poulet_60499.aspx\">Soupe \u00e9conomique de <strong>Poulet<\/strong><\/a> : <br><sup>AMAP<\/sup> Bouillon de Poule + Carottes + Poireaux + Pommes de terre + Poulet (carcasse)<br><em>+ Laurier + Poivre + Sel + Thym<\/em><\/p>\n\n\n\n<h2 class=\"wp-block-heading\"><strong>Desserts<\/strong><\/h2>\n\n\n\n<p><sup>VG<\/sup> <a href=\"https:\/\/www.zeste.ca\/recettes\/brownies-choco-carottes\">Brownies choco-carottes<\/a> : <br><sup>AMAP<\/sup> Carottes + Farine + Noix + Oeufs<br><em>+ Beurre + Chocolat noir + Sucre<\/em><\/p>\n\n\n\n<p><sup>VG<\/sup> <a href=\"https:\/\/www.fourchette-et-bikini.fr\/recettes\/recettes-minceur\/carrot-cake-minceur-sucre-aux-noix.html\">Carrot cake sucr\u00e9 aux <strong>Noix<\/strong><\/a> : <br><sup>AMAP<\/sup> Carottes + Farine + Noix + Oeufs<br><em>+ Cannelle + Poudre d&#8217;amandes + Poudre de noisettes + Sel + Sucre<\/em><\/p>\n","protected":false},"excerpt":{"rendered":"<p>Plats v\u00e9g\u00e9tariens VG Bouillon de l\u00e9gumes : AMAP Ail + Carottes + C\u00e9leri branche + Oignons + Persil + Tomates+ Beurre + Laurier + Poivre + Sel + Thym VG Boulettes aux noix de cajou : AMAP Carottes + C\u00e9leri branche + Oignons + Persil+ Chapelure + Noix de cajou + Sauce soja + Thym &hellip; <a href=\"https:\/\/lescalamb.ovh\/index.php\/public\/produits\/recettes\/recettes-carottes\/\" class=\"more-link\">Lire la suite de <span class=\"screen-reader-text\">Recettes aux Carottes<\/span><\/a><\/p>\n","protected":false},"author":3,"featured_media":0,"parent":258,"menu_order":0,"comment_status":"closed","ping_status":"closed","template":"","meta":{"footnotes":""},"categories":[10],"tags":[9],"class_list":["post-524","page","type-page","status-publish","hentry","category-recettes-specifiques","tag-recettes"],"_links":{"self":[{"href":"https:\/\/lescalamb.ovh\/index.php\/wp-json\/wp\/v2\/pages\/524","targetHints":{"allow":["GET"]}}],"collection":[{"href":"https:\/\/lescalamb.ovh\/index.php\/wp-json\/wp\/v2\/pages"}],"about":[{"href":"https:\/\/lescalamb.ovh\/index.php\/wp-json\/wp\/v2\/types\/page"}],"author":[{"embeddable":true,"href":"https:\/\/lescalamb.ovh\/index.php\/wp-json\/wp\/v2\/users\/3"}],"replies":[{"embeddable":true,"href":"https:\/\/lescalamb.ovh\/index.php\/wp-json\/wp\/v2\/comments?post=524"}],"version-history":[{"count":52,"href":"https:\/\/lescalamb.ovh\/index.php\/wp-json\/wp\/v2\/pages\/524\/revisions"}],"predecessor-version":[{"id":2266,"href":"https:\/\/lescalamb.ovh\/index.php\/wp-json\/wp\/v2\/pages\/524\/revisions\/2266"}],"up":[{"embeddable":true,"href":"https:\/\/lescalamb.ovh\/index.php\/wp-json\/wp\/v2\/pages\/258"}],"wp:attachment":[{"href":"https:\/\/lescalamb.ovh\/index.php\/wp-json\/wp\/v2\/media?parent=524"}],"wp:term":[{"taxonomy":"category","embeddable":true,"href":"https:\/\/lescalamb.ovh\/index.php\/wp-json\/wp\/v2\/categories?post=524"},{"taxonomy":"post_tag","embeddable":true,"href":"https:\/\/lescalamb.ovh\/index.php\/wp-json\/wp\/v2\/tags?post=524"}],"curies":[{"name":"wp","href":"https:\/\/api.w.org\/{rel}","templated":true}]}}