{"id":537,"date":"2024-01-17T21:40:59","date_gmt":"2024-01-17T20:40:59","guid":{"rendered":"https:\/\/lescalamb.ovh\/?page_id=537"},"modified":"2024-02-18T21:57:30","modified_gmt":"2024-02-18T20:57:30","slug":"recettes-fraises","status":"publish","type":"page","link":"https:\/\/lescalamb.ovh\/index.php\/public\/produits\/recettes\/recettes-fraises\/","title":{"rendered":"Recettes aux Fraises"},"content":{"rendered":"\n<h2 class=\"wp-block-heading\"><strong>Desserts sucr\u00e9s<\/strong><\/h2>\n\n\n\n<p><sup>VG<\/sup> <a href=\"https:\/\/www.marmiton.org\/recettes\/recette_madeleines-aux-fraises_94133.aspx\" data-type=\"link\" data-id=\"https:\/\/www.marmiton.org\/recettes\/recette_muffins-aux-fraises-et-a-la-menthe_31325.aspx\">Madeleines aux Fraises<\/a> : <br><sup>AMAP<\/sup> Farine + Fraises + Oeufs<br><em>+ Beurre + <em>Sucre<\/em><\/em><\/p>\n\n\n\n<p><sup>VG<\/sup> <a href=\"https:\/\/fr.wikibooks.org\/wiki\/Livre_de_cuisine\/M%C3%A9lange_Pomme-Fraise\">M\u00e9lange Pommes-Fraises<\/a> : <br><sup>AMAP<\/sup> Fraises + Pommes<em><br><em>+ <\/em>Biscuit + Lait + Sucre<\/em><\/p>\n\n\n\n<p><sup>VG<\/sup> <a href=\"https:\/\/fr.wikibooks.org\/wiki\/Livre_de_cuisine\/Mousse_aux_fraises\">Mousse aux fraises<\/a> : <br><sup>AMAP<\/sup> Fraises<em><br><em>+ <\/em>Cr\u00e8me \u00e9paisse + Mascarpone + Sucre glace<\/em><\/p>\n\n\n\n<p><sup>VG<\/sup> <a href=\"https:\/\/www.marmiton.org\/recettes\/recette_muffins-aux-fraises-et-a-la-menthe_31325.aspx\" data-type=\"link\" data-id=\"https:\/\/www.marmiton.org\/recettes\/recette_muffins-aux-fraises-et-a-la-menthe_31325.aspx\">Muffins aux Fraises et \u00e0 la Menthe<\/a> : <br><sup>AMAP<\/sup> Farine + Fraises + Huile de Tournesol + Menthe + Oeufs<br><em>+ Beurre + Lait + Levure chimique<\/em> + <em>Sel + <em>Sucre<\/em><\/em><\/p>\n\n\n\n<p><sup>VG<\/sup> <a href=\"https:\/\/fr.wikibooks.org\/wiki\/Livre_de_cuisine\/Tarte_aux_fraises\">Tarte aux Fraises<\/a> : <br><sup>AMAP<\/sup> Farine + Fraises + Oeufs<br><em>+ Beurre + Lait + <\/em><em>Sel + <em>Sucre<\/em><\/em><\/p>\n","protected":false},"excerpt":{"rendered":"<p>Desserts sucr\u00e9s VG Madeleines aux Fraises : AMAP Farine + Fraises + Oeufs+ Beurre + Sucre VG M\u00e9lange Pommes-Fraises : AMAP Fraises + Pommes+ Biscuit + Lait + Sucre VG Mousse aux fraises : AMAP Fraises+ Cr\u00e8me \u00e9paisse + Mascarpone + Sucre glace VG Muffins aux Fraises et \u00e0 la Menthe : AMAP Farine + &hellip; <a href=\"https:\/\/lescalamb.ovh\/index.php\/public\/produits\/recettes\/recettes-fraises\/\" class=\"more-link\">Lire la suite de <span class=\"screen-reader-text\">Recettes aux Fraises<\/span><\/a><\/p>\n","protected":false},"author":3,"featured_media":0,"parent":258,"menu_order":0,"comment_status":"closed","ping_status":"closed","template":"","meta":{"footnotes":""},"categories":[10],"tags":[9],"class_list":["post-537","page","type-page","status-publish","hentry","category-recettes-specifiques","tag-recettes"],"_links":{"self":[{"href":"https:\/\/lescalamb.ovh\/index.php\/wp-json\/wp\/v2\/pages\/537","targetHints":{"allow":["GET"]}}],"collection":[{"href":"https:\/\/lescalamb.ovh\/index.php\/wp-json\/wp\/v2\/pages"}],"about":[{"href":"https:\/\/lescalamb.ovh\/index.php\/wp-json\/wp\/v2\/types\/page"}],"author":[{"embeddable":true,"href":"https:\/\/lescalamb.ovh\/index.php\/wp-json\/wp\/v2\/users\/3"}],"replies":[{"embeddable":true,"href":"https:\/\/lescalamb.ovh\/index.php\/wp-json\/wp\/v2\/comments?post=537"}],"version-history":[{"count":7,"href":"https:\/\/lescalamb.ovh\/index.php\/wp-json\/wp\/v2\/pages\/537\/revisions"}],"predecessor-version":[{"id":2070,"href":"https:\/\/lescalamb.ovh\/index.php\/wp-json\/wp\/v2\/pages\/537\/revisions\/2070"}],"up":[{"embeddable":true,"href":"https:\/\/lescalamb.ovh\/index.php\/wp-json\/wp\/v2\/pages\/258"}],"wp:attachment":[{"href":"https:\/\/lescalamb.ovh\/index.php\/wp-json\/wp\/v2\/media?parent=537"}],"wp:term":[{"taxonomy":"category","embeddable":true,"href":"https:\/\/lescalamb.ovh\/index.php\/wp-json\/wp\/v2\/categories?post=537"},{"taxonomy":"post_tag","embeddable":true,"href":"https:\/\/lescalamb.ovh\/index.php\/wp-json\/wp\/v2\/tags?post=537"}],"curies":[{"name":"wp","href":"https:\/\/api.w.org\/{rel}","templated":true}]}}