{"id":873,"date":"2024-01-22T14:17:06","date_gmt":"2024-01-22T13:17:06","guid":{"rendered":"https:\/\/lescalamb.ovh\/?page_id=873"},"modified":"2024-02-19T22:13:31","modified_gmt":"2024-02-19T21:13:31","slug":"recettes-panais","status":"publish","type":"page","link":"https:\/\/lescalamb.ovh\/index.php\/public\/produits\/recettes\/recettes-panais\/","title":{"rendered":"Recettes aux Panais"},"content":{"rendered":"\n<h2 class=\"wp-block-heading\">Plats<\/h2>\n\n\n\n<p><sup>VG<\/sup> <a href=\"https:\/\/www.cuisineaz.com\/recettes\/gratin-de-topinambours-et-panais-102576.aspx\">Gratin de <strong>Topinambours<\/strong> et Panais<\/a> : <br><sup>AMAP<\/sup> Huile d&#8217;Olive + Panais + Topinambours<br><em>+ Chapelure + Cr\u00e8me \u00e9paisse + Emmental + Poivre + Sel + Thym<\/em><\/p>\n\n\n\n<p><sup>VG<\/sup> <a href=\"https:\/\/fr.wikibooks.org\/wiki\/Recettes_de_villages_qui_bougent\/Vend%C3%A9e\/Pur%C3%A9e_de_panais\">Pur\u00e9e de Panais<\/a> : <br><sup>AMAP<\/sup> Panais + Vinaigre<br><em>+ Beurre + Cr\u00e8me \u00e9paisse + Lait + Sel<\/em><\/p>\n\n\n\n<p><sup>VG<\/sup> <a href=\"https:\/\/www.recettesduchef.fr\/Recettes\/Soupes\/soupe-legumes-panais.html\">Soupe Panais <strong>Carottes<\/strong><\/a> : <br><sup>AMAP<\/sup> Carottes + Huile d&#8217;Olive + Oignons + Panais + Persil<br><em>+ Cr\u00e8me \u00e9paisse + Cumin + Poivre + Sel<\/em><\/p>\n\n\n\n<p><sup>VG<\/sup> <a href=\"https:\/\/www.cuisineaz.com\/recettes\/soupe-panais-pomme-de-terre-103653.aspx\">Soupe Panais <strong>Pommes de terre<\/strong><\/a> : <br><sup>AMAP<\/sup> Bouillon (de l\u00e9gumes) + Panais + Pommes de terre<br><em>+ Cr\u00e8me liquide + Poivre + Poude d&#8217;amande + Sel<\/em><\/p>\n","protected":false},"excerpt":{"rendered":"<p>Plats VG Gratin de Topinambours et Panais : AMAP Huile d&#8217;Olive + Panais + Topinambours+ Chapelure + Cr\u00e8me \u00e9paisse + Emmental + Poivre + Sel + Thym VG Pur\u00e9e de Panais : AMAP Panais + Vinaigre+ Beurre + Cr\u00e8me \u00e9paisse + Lait + Sel VG Soupe Panais Carottes : AMAP Carottes + Huile d&#8217;Olive + &hellip; <a href=\"https:\/\/lescalamb.ovh\/index.php\/public\/produits\/recettes\/recettes-panais\/\" class=\"more-link\">Lire la suite de <span class=\"screen-reader-text\">Recettes aux Panais<\/span><\/a><\/p>\n","protected":false},"author":3,"featured_media":0,"parent":258,"menu_order":0,"comment_status":"closed","ping_status":"closed","template":"","meta":{"footnotes":""},"categories":[10],"tags":[9],"class_list":["post-873","page","type-page","status-publish","hentry","category-recettes-specifiques","tag-recettes"],"_links":{"self":[{"href":"https:\/\/lescalamb.ovh\/index.php\/wp-json\/wp\/v2\/pages\/873","targetHints":{"allow":["GET"]}}],"collection":[{"href":"https:\/\/lescalamb.ovh\/index.php\/wp-json\/wp\/v2\/pages"}],"about":[{"href":"https:\/\/lescalamb.ovh\/index.php\/wp-json\/wp\/v2\/types\/page"}],"author":[{"embeddable":true,"href":"https:\/\/lescalamb.ovh\/index.php\/wp-json\/wp\/v2\/users\/3"}],"replies":[{"embeddable":true,"href":"https:\/\/lescalamb.ovh\/index.php\/wp-json\/wp\/v2\/comments?post=873"}],"version-history":[{"count":10,"href":"https:\/\/lescalamb.ovh\/index.php\/wp-json\/wp\/v2\/pages\/873\/revisions"}],"predecessor-version":[{"id":2277,"href":"https:\/\/lescalamb.ovh\/index.php\/wp-json\/wp\/v2\/pages\/873\/revisions\/2277"}],"up":[{"embeddable":true,"href":"https:\/\/lescalamb.ovh\/index.php\/wp-json\/wp\/v2\/pages\/258"}],"wp:attachment":[{"href":"https:\/\/lescalamb.ovh\/index.php\/wp-json\/wp\/v2\/media?parent=873"}],"wp:term":[{"taxonomy":"category","embeddable":true,"href":"https:\/\/lescalamb.ovh\/index.php\/wp-json\/wp\/v2\/categories?post=873"},{"taxonomy":"post_tag","embeddable":true,"href":"https:\/\/lescalamb.ovh\/index.php\/wp-json\/wp\/v2\/tags?post=873"}],"curies":[{"name":"wp","href":"https:\/\/api.w.org\/{rel}","templated":true}]}}