{"id":956,"date":"2024-01-22T15:46:07","date_gmt":"2024-01-22T14:46:07","guid":{"rendered":"https:\/\/lescalamb.ovh\/?page_id=956"},"modified":"2024-02-19T22:14:52","modified_gmt":"2024-02-19T21:14:52","slug":"recettes-poivrons","status":"publish","type":"page","link":"https:\/\/lescalamb.ovh\/index.php\/public\/produits\/recettes\/recettes-poivrons\/","title":{"rendered":"Recettes aux Poivrons"},"content":{"rendered":"\n<h2 class=\"wp-block-heading\">Plats v\u00e9g\u00e9tariens<\/h2>\n\n\n\n<p><sup>VG<\/sup> <a href=\"https:\/\/fr.wikibooks.org\/wiki\/Livre_de_cuisine\/Carpaccio_de_fromage\">Carpaccio de <strong>Fromage<\/strong><\/a> : <br><sup>AMAP<\/sup> Ail + Fromage de ch\u00e8vre + Huile d&#8217;Olive + Oignons + Persil + Poivrons<br><em><em>+ <\/em>Poivre + Sel<\/em><\/p>\n\n\n\n<p><sup>VG<\/sup> <a href=\"https:\/\/fr.wikibooks.org\/wiki\/Livre_de_cuisine\/Crostini_%C3%A0_l%27italienne\">Crostini \u00e0 l&#8217;italienne<\/a> : <br><sup>AMAP<\/sup> Ail + Courgettes + Huile d&#8217;Olive + Poivrons + Tomates<br><em><em>+ <\/em>Mozzarella + Olives vertes + Origan<\/em><\/p>\n\n\n\n<p><sup>VG<\/sup> <a href=\"https:\/\/fr.wikibooks.org\/wiki\/Livre_de_cuisine\/Escalivada\">Escalivada<\/a> : <br><sup>AMAP<\/sup> Ail + Aubergines + Huile d&#8217;Olive + Oignons + Poivrons + Tomates<br><em><em>+ <\/em>Poivre + Sel<\/em><\/p>\n\n\n\n<p><sup>VG<\/sup> <a href=\"https:\/\/fr.wikibooks.org\/wiki\/Livre_de_cuisine\/Gaspacho\">Gaspacho<\/a> : <br><sup>AMAP<\/sup> Ail + Concombres + Huile d&#8217;Olive + Oignons + Pain + Poivrons + Tomates + Vinaigre<br><em>+ Poivre + Sel<\/em><\/p>\n\n\n\n<p><sup>VG<\/sup> <a href=\"https:\/\/fr.wikibooks.org\/wiki\/Livre_de_cuisine\/P%C3%A2tes_aux_arachides_et_l%C3%A9gumes_r%C3%B4tis\">P\u00e2tes aux arachides et l\u00e9gumes r\u00f4tis<\/a> : <br><sup>AMAP<\/sup> Ail + Huile d&#8217;Olive + Oignons + P\u00e2tes + Persil + Poivrons + Tomates<br><em>+ Cacahu\u00e8tes + Origan + Poivre + Sel<\/em><\/p>\n\n\n\n<p><sup>VG<\/sup> <a href=\"https:\/\/fr.wikibooks.org\/wiki\/Livre_de_cuisine\/P%C3%A2tes_aux_poivrons\">P\u00e2tes aux <strong>Poivrons<\/strong><\/a> : <br><sup>AMAP<\/sup> Huile d&#8217;Olive + P\u00e2tes + Poivrons<br><em>+ Ail + Poivre + Sel<\/em><\/p>\n\n\n\n<p><sup>VG<\/sup> <a href=\"https:\/\/www.biendecheznous.be\/recettes\/plat-de-lentilles-et-pommes-de-terre-sauce-au-yaourt\">Plat de <strong>Lentilles<\/strong> et <strong>Pommes de terre<\/strong>, sauce <strong>Yaourt<\/strong><\/a> : <br><sup>AMAP<\/sup> Ail + Bouillon (de l\u00e9gumes) + Carottes + Citron vert + Huile d&#8217;Olive + Lentilles + Oignons + Petits pois + Persil + Piment + Poivrons + Pommes de terre + Tomates<br><em>+ Curcuma + Poivre + Sel + Thym<\/em><\/p>\n\n\n\n<p><sup>VG<\/sup> <a href=\"https:\/\/fr.wikibooks.org\/wiki\/Livre_de_cuisine\/Poivrons_confits\">Poivrons confits<\/a> : <br><sup>AMAP<\/sup> Huile d&#8217;Olive + Piments + Poivrons<br><em>+ Poivre + Sel<\/em><\/p>\n\n\n\n<p><sup>VG<\/sup> <a href=\"https:\/\/fr.wikibooks.org\/wiki\/Livre_de_cuisine\/Ratatouille\">Ratatouille<\/a> : <br><sup>AMAP<\/sup> Ail + Aubergines + Courgettes + Huile d&#8217;olive + Oignons + Poivrons + Tomates<br><em>+ Laurier + Romarin + Sel + Thym<\/em><\/p>\n\n\n\n<p><sup>VG<\/sup> <a href=\"https:\/\/cahierdegourmandises.fr\/salade-courgette-poivron-avocat\/\">Salade <strong>Courgette<\/strong> Poivron Avocats<\/a> : <br><sup>AMAP<\/sup> Citron + Courgettes + Huile d&#8217;Olive + Poivrons + Tomates + Vinaigre<br><em>+ Avocats + Moutarde + Poivre + Sel + Thym<\/em><\/p>\n\n\n\n<p><sup>VG<\/sup> <a href=\"https:\/\/fr.wikibooks.org\/wiki\/Livre_de_cuisine\/Salade_de_ratatouille_froide\">Salade de ratatouille<\/a> : <br><sup>AMAP<\/sup> Ail + Basilic + Ratatouille + Huile d&#8217;olive + Raisins secs<br><em>+ Curry + Pignons de pin + Sel<\/em><\/p>\n\n\n\n<p><sup>VG<\/sup> <a href=\"https:\/\/fr.wikibooks.org\/wiki\/Livre_de_cuisine\/Soupe_paysanne\">Soupe Paysanne<\/a> : <br><sup>AMAP<\/sup> Bouillon (de l\u00e9gumes) + Carottes + C\u00e9leri branche + Chou blanc + Epinards + Haricots coco + Haricots verts + Oignons + Poivrons rouges + Pommes de terre<br><em>+ Poivre + Sel<\/em><\/p>\n\n\n\n<p><sup>VG<\/sup> <a href=\"https:\/\/fr.wikibooks.org\/wiki\/Livre_de_cuisine\/Taboul%C3%A9_exotique_aux_oranges_et_aux_pruneaux\">Taboul\u00e9 exotique aux Oranges et aux pruneaux<\/a> : <br><sup>AMAP<\/sup> Basilic + Bouillon (de l\u00e9gumes) + Huile d&#8217;Olive + Oignons + Oranges + Poivrons + Semoule + Tomates<br><em>+ Menthe + Poivre + Pruneaux + Sel<\/em><\/p>\n\n\n\n<p><sup>VG<\/sup> <a href=\"https:\/\/www.chefclub.tv\/fr\/recettes\/daily\/5e7f82f2-cab7-4a56-b386-63ce038fe701\/taboul%C3%A9-poivron-rouge-et-concombre-une-recette-facile-et-rapide\/\">Taboul\u00e9 Poivron rouge et <strong>Concombre<\/strong><\/a> : <br><sup>AMAP<\/sup>  Citron + Concombre + Huile d&#8217;Olive + Oignons rouges + Persil + Poivron rouge + Semoule + Tomate<br><em>+ Poivre + Sel<\/em><\/p>\n\n\n\n<p><sup>VG<\/sup> <a href=\"https:\/\/fr.wikibooks.org\/wiki\/Livre_de_cuisine\/Tarte_proven%C3%A7ale\">Tarte proven\u00e7ale<\/a> : <br><sup>AMAP<\/sup> Aubergines + Farine + Huile d&#8217;olive + Oeufs + Poivrons + Tomates<br><em>+ Beurre + Herbes de Provence + Olives noires + Poivre + Sel<\/em><\/p>\n\n\n\n<h2 class=\"wp-block-heading\">Plats avec viande ou poisson<\/h2>\n\n\n\n<p><a href=\"https:\/\/fr.wikibooks.org\/wiki\/Livre_de_cuisine\/Frita\">Frita<\/a> : <br><sup>AMAP<\/sup> Ail + Agneau (c\u00f4tes) + Huile d&#8217;Olive + Persil + Poivrons + Tomates<br><em>+ Laurier + Poivre + Sel + Thym<\/em><\/p>\n\n\n\n<p><a href=\"https:\/\/fr.wikibooks.org\/wiki\/Livre_de_cuisine\/Poulet_basquaise\"><strong>Poulet<\/strong> basquaise<\/a> : <br><sup>AMAP<\/sup> Ail + Huile d&#8217;Olive + Oignons + Piment + Poivrons + Poulet (cuisses)+ Tomates<br><em>+ Sel<\/em><\/p>\n\n\n\n<p><a href=\"https:\/\/fr.wikibooks.org\/wiki\/Livre_de_cuisine\/Salade_ni%C3%A7oise\">Salade ni\u00e7oise<\/a> : <br><sup>AMAP<\/sup> Ail + Artichauts + Basilic + Concombre + F\u00e8ves + Huile d\u2019Olive + Oeufs + Oignons blancs + Poivrons + Tomates<br><em>+ Anchois + Olives noires + Poivre + Sel<\/em><\/p>\n\n\n\n<h2 class=\"wp-block-heading\">Sauces<\/h2>\n\n\n\n<p><sup>VG<\/sup> <a href=\"https:\/\/fr.wikibooks.org\/wiki\/Livre_de_cuisine\/Sauce_salsa\">Sauce Salsa<\/a> : <br><sup>AMAP<\/sup>  Citron + Persil + Piment + Poivron + Tomates<br><em>+ Sel<\/em><\/p>\n","protected":false},"excerpt":{"rendered":"<p>Plats v\u00e9g\u00e9tariens VG Carpaccio de Fromage : AMAP Ail + Fromage de ch\u00e8vre + Huile d&#8217;Olive + Oignons + Persil + Poivrons+ Poivre + Sel VG Crostini \u00e0 l&#8217;italienne : AMAP Ail + Courgettes + Huile d&#8217;Olive + Poivrons + Tomates+ Mozzarella + Olives vertes + Origan VG Escalivada : AMAP Ail + Aubergines + &hellip; <a href=\"https:\/\/lescalamb.ovh\/index.php\/public\/produits\/recettes\/recettes-poivrons\/\" class=\"more-link\">Lire la suite de <span class=\"screen-reader-text\">Recettes aux Poivrons<\/span><\/a><\/p>\n","protected":false},"author":3,"featured_media":0,"parent":258,"menu_order":0,"comment_status":"closed","ping_status":"closed","template":"","meta":{"footnotes":""},"categories":[10],"tags":[9],"class_list":["post-956","page","type-page","status-publish","hentry","category-recettes-specifiques","tag-recettes"],"_links":{"self":[{"href":"https:\/\/lescalamb.ovh\/index.php\/wp-json\/wp\/v2\/pages\/956","targetHints":{"allow":["GET"]}}],"collection":[{"href":"https:\/\/lescalamb.ovh\/index.php\/wp-json\/wp\/v2\/pages"}],"about":[{"href":"https:\/\/lescalamb.ovh\/index.php\/wp-json\/wp\/v2\/types\/page"}],"author":[{"embeddable":true,"href":"https:\/\/lescalamb.ovh\/index.php\/wp-json\/wp\/v2\/users\/3"}],"replies":[{"embeddable":true,"href":"https:\/\/lescalamb.ovh\/index.php\/wp-json\/wp\/v2\/comments?post=956"}],"version-history":[{"count":30,"href":"https:\/\/lescalamb.ovh\/index.php\/wp-json\/wp\/v2\/pages\/956\/revisions"}],"predecessor-version":[{"id":2251,"href":"https:\/\/lescalamb.ovh\/index.php\/wp-json\/wp\/v2\/pages\/956\/revisions\/2251"}],"up":[{"embeddable":true,"href":"https:\/\/lescalamb.ovh\/index.php\/wp-json\/wp\/v2\/pages\/258"}],"wp:attachment":[{"href":"https:\/\/lescalamb.ovh\/index.php\/wp-json\/wp\/v2\/media?parent=956"}],"wp:term":[{"taxonomy":"category","embeddable":true,"href":"https:\/\/lescalamb.ovh\/index.php\/wp-json\/wp\/v2\/categories?post=956"},{"taxonomy":"post_tag","embeddable":true,"href":"https:\/\/lescalamb.ovh\/index.php\/wp-json\/wp\/v2\/tags?post=956"}],"curies":[{"name":"wp","href":"https:\/\/api.w.org\/{rel}","templated":true}]}}