{"id":972,"date":"2024-01-22T16:04:16","date_gmt":"2024-01-22T15:04:16","guid":{"rendered":"https:\/\/lescalamb.ovh\/?page_id=972"},"modified":"2024-02-18T21:56:21","modified_gmt":"2024-02-18T20:56:21","slug":"recettes-pain","status":"publish","type":"page","link":"https:\/\/lescalamb.ovh\/index.php\/public\/produits\/recettes\/recettes-pain\/","title":{"rendered":"Recettes au Pain"},"content":{"rendered":"\n<h2 class=\"wp-block-heading\">Plats<\/h2>\n\n\n\n<p><sup>VG<\/sup> <a href=\"https:\/\/fr.wikibooks.org\/wiki\/Livre_de_cuisine\/Cr%C3%A8me_de_chou-fleur\">Cr\u00e8me de Chou-fleur<\/a> : <br><sup>AMAP<\/sup> Bouillon (de l\u00e9gumes) + Chou-fleur + Pain + Pommes de terre +<br><em>+ Beurre + Lait + Poivre + Sel<\/em><\/p>\n\n\n\n<p><sup>VG<\/sup> <a href=\"https:\/\/fr.wikibooks.org\/wiki\/Livre_de_cuisine\/Crostini_%C3%A0_l%27italienne\">Crostini \u00e0 l&#8217;italienne<\/a> : <br><sup>AMAP<\/sup> Ail + Courgettes + Huile d&#8217;Olive + Poivrons + Tomates<br><em><em>+ <\/em>Mozzarella + Olives vertes + Origan<\/em><\/p>\n\n\n\n<p><sup>VG<\/sup> <a href=\"https:\/\/fr.wikibooks.org\/wiki\/Livre_de_cuisine\/Gaspacho\">Gaspacho<\/a> : <br><sup>AMAP<\/sup> Ail + Concombres + Huile d&#8217;Olive + Oignons + Pain + Poivrons + Tomates + Vinaigre<br><em>+ Poivre + Sel<\/em><\/p>\n\n\n\n<p><sup>VG<\/sup> <a href=\"https:\/\/fr.wikibooks.org\/wiki\/Livre_de_cuisine\/Salmorejo\">Salmorejo<\/a> : <br><sup>AMAP<\/sup> Ail + Huile d&#8217;Olive + Pain + Tomates + Vinaigre<br><em>+ Poivre + Sel<\/em><\/p>\n\n\n\n<h2 class=\"wp-block-heading\">Desserts<\/h2>\n\n\n\n<p><sup>VG<\/sup> <a href=\"https:\/\/cuisine.journaldesfemmes.fr\/recette\/344003-pain-perdu\">Pain perdu<\/a> : <br><sup>AMAP<\/sup> Oeufs + Pain<br><em>+ Beurre + Cr\u00e8me \u00e9paisse + Lait + Sucre + Vanille<\/em><\/p>\n","protected":false},"excerpt":{"rendered":"<p>Plats VG Cr\u00e8me de Chou-fleur : AMAP Bouillon (de l\u00e9gumes) + Chou-fleur + Pain + Pommes de terre ++ Beurre + Lait + Poivre + Sel VG Crostini \u00e0 l&#8217;italienne : AMAP Ail + Courgettes + Huile d&#8217;Olive + Poivrons + Tomates+ Mozzarella + Olives vertes + Origan VG Gaspacho : AMAP Ail + Concombres &hellip; <a href=\"https:\/\/lescalamb.ovh\/index.php\/public\/produits\/recettes\/recettes-pain\/\" class=\"more-link\">Lire la suite de <span class=\"screen-reader-text\">Recettes au Pain<\/span><\/a><\/p>\n","protected":false},"author":3,"featured_media":0,"parent":258,"menu_order":0,"comment_status":"closed","ping_status":"closed","template":"","meta":{"footnotes":""},"categories":[10],"tags":[9],"class_list":["post-972","page","type-page","status-publish","hentry","category-recettes-specifiques","tag-recettes"],"_links":{"self":[{"href":"https:\/\/lescalamb.ovh\/index.php\/wp-json\/wp\/v2\/pages\/972","targetHints":{"allow":["GET"]}}],"collection":[{"href":"https:\/\/lescalamb.ovh\/index.php\/wp-json\/wp\/v2\/pages"}],"about":[{"href":"https:\/\/lescalamb.ovh\/index.php\/wp-json\/wp\/v2\/types\/page"}],"author":[{"embeddable":true,"href":"https:\/\/lescalamb.ovh\/index.php\/wp-json\/wp\/v2\/users\/3"}],"replies":[{"embeddable":true,"href":"https:\/\/lescalamb.ovh\/index.php\/wp-json\/wp\/v2\/comments?post=972"}],"version-history":[{"count":9,"href":"https:\/\/lescalamb.ovh\/index.php\/wp-json\/wp\/v2\/pages\/972\/revisions"}],"predecessor-version":[{"id":2147,"href":"https:\/\/lescalamb.ovh\/index.php\/wp-json\/wp\/v2\/pages\/972\/revisions\/2147"}],"up":[{"embeddable":true,"href":"https:\/\/lescalamb.ovh\/index.php\/wp-json\/wp\/v2\/pages\/258"}],"wp:attachment":[{"href":"https:\/\/lescalamb.ovh\/index.php\/wp-json\/wp\/v2\/media?parent=972"}],"wp:term":[{"taxonomy":"category","embeddable":true,"href":"https:\/\/lescalamb.ovh\/index.php\/wp-json\/wp\/v2\/categories?post=972"},{"taxonomy":"post_tag","embeddable":true,"href":"https:\/\/lescalamb.ovh\/index.php\/wp-json\/wp\/v2\/tags?post=972"}],"curies":[{"name":"wp","href":"https:\/\/api.w.org\/{rel}","templated":true}]}}